{"id":981,"date":"2025-10-18T13:22:51","date_gmt":"2025-10-18T13:22:51","guid":{"rendered":"http:\/\/www.ekormuhendislik.com\/?post_type=product&#038;p=981"},"modified":"2025-10-18T13:23:02","modified_gmt":"2025-10-18T13:23:02","slug":"mercedes-c-serisi-ceki-demiri-w204-2008-2014-sedanstationwagon","status":"publish","type":"product","link":"https:\/\/www.ekormuhendislik.com\/?product=mercedes-c-serisi-ceki-demiri-w204-2008-2014-sedanstationwagon","title":{"rendered":"MERCEDES C-Serisi \u00c7eki Demiri W204 2008-2014 Sedan,Stationwagon"},"content":{"rendered":"<p><strong>Par\u00e7a Numaras\u0131\u00a0 : 044-741<\/strong><\/p>\n<p><strong>Avrupa standartlar\u0131na uygun CE belgeli\u00a0MERCEDES C-Serisi W204\u00a02008-2014\u00a0<\/strong><strong>Sedan,Stationwagon orjinal aksesuar \u00e7eki demiri.<\/strong><\/p>\n<p>&nbsp;<\/p>\n<p>\u00c7ift civatal\u0131 &#8220;L tipi&#8221; e\u011fik topuz modelidir.<\/p>\n<p>Fiyata universal elektrik tesisat\u0131 dahildir.<\/p>\n<p>Max. \u00e7ekme kapasitesi\u00a0 \u00a0 \u00a0 \u00a0: 1800\u00a0kg<\/p>\n<p>Max. d\u00fc\u015fey y\u00fck kapasitesi : 100\u00a0kg<\/p>\n<p>&nbsp;<\/p>\n<p>Montaj ve proje bedeli dahil de\u011fildir.<\/p>\n<p>&nbsp;<\/p>\n","protected":false},"excerpt":{"rendered":"<p>MERCEDES C Serisi<\/p>\n","protected":false},"featured_media":244,"comment_status":"open","ping_status":"closed","template":"","meta":{"_eb_attr":""},"product_brand":[],"product_cat":[446],"product_tag":[457,63],"class_list":{"0":"post-981","1":"product","2":"type-product","3":"status-publish","4":"has-post-thumbnail","6":"product_cat-mercedes-benz","7":"product_tag-mercedes-c-serisi-ceki-demiri-w204-2008-2014-sedan","8":"product_tag-stationwagon","10":"first","11":"instock","12":"shipping-taxable","13":"product-type-simple"},"_links":{"self":[{"href":"https:\/\/www.ekormuhendislik.com\/index.php?rest_route=\/wp\/v2\/product\/981","targetHints":{"allow":["GET"]}}],"collection":[{"href":"https:\/\/www.ekormuhendislik.com\/index.php?rest_route=\/wp\/v2\/product"}],"about":[{"href":"https:\/\/www.ekormuhendislik.com\/index.php?rest_route=\/wp\/v2\/types\/product"}],"replies":[{"embeddable":true,"href":"https:\/\/www.ekormuhendislik.com\/index.php?rest_route=%2Fwp%2Fv2%2Fcomments&post=981"}],"wp:featuredmedia":[{"embeddable":true,"href":"https:\/\/www.ekormuhendislik.com\/index.php?rest_route=\/wp\/v2\/media\/244"}],"wp:attachment":[{"href":"https:\/\/www.ekormuhendislik.com\/index.php?rest_route=%2Fwp%2Fv2%2Fmedia&parent=981"}],"wp:term":[{"taxonomy":"product_brand","embeddable":true,"href":"https:\/\/www.ekormuhendislik.com\/index.php?rest_route=%2Fwp%2Fv2%2Fproduct_brand&post=981"},{"taxonomy":"product_cat","embeddable":true,"href":"https:\/\/www.ekormuhendislik.com\/index.php?rest_route=%2Fwp%2Fv2%2Fproduct_cat&post=981"},{"taxonomy":"product_tag","embeddable":true,"href":"https:\/\/www.ekormuhendislik.com\/index.php?rest_route=%2Fwp%2Fv2%2Fproduct_tag&post=981"}],"curies":[{"name":"wp","href":"https:\/\/api.w.org\/{rel}","templated":true}]}}