{"id":979,"date":"2025-10-18T13:22:50","date_gmt":"2025-10-18T13:22:50","guid":{"rendered":"http:\/\/www.ekormuhendislik.com\/?post_type=product&#038;p=979"},"modified":"2025-10-18T13:23:01","modified_gmt":"2025-10-18T13:23:01","slug":"mercedes-c-serisi-ceki-demiri-w202-1993-2000-sedanstationwagon","status":"publish","type":"product","link":"https:\/\/www.ekormuhendislik.com\/?product=mercedes-c-serisi-ceki-demiri-w202-1993-2000-sedanstationwagon","title":{"rendered":"MERCEDES C-Serisi \u00c7eki Demiri W202 1993-2000 Sedan,Stationwagon"},"content":{"rendered":"<p><strong>Par\u00e7a Numaras\u0131&nbsp; : 021-921<\/strong><\/p>\n<p><strong>Avrupa standartlar\u0131na uygun CE belgeli&nbsp;MERCEDES C-Serisi W202 1993-2000 Sedan,Stationwagon orjinal aksesuar \u00e7eki demiri.<\/strong><\/p>\n<p><strong><\/p>\n<p>\u00c7ift civatal\u0131 &#8220;L tipi&#8221; e\u011fik topuz modelidir.<\/p>\n<p>Fiyata universal elektrik tesisat\u0131 dahildir.<\/p>\n<p>Max. \u00e7ekme kapasitesi&nbsp; &nbsp; &nbsp; &nbsp;: 1600&nbsp;kg<\/p>\n<p>Max. d\u00fc\u015fey y\u00fck kapasitesi : 75&nbsp;kg<\/p>\n<p><\/strong><strong><\/p>\n<p>Montaj ve proje bedeli dahil de\u011fildir.<\/p>\n<p><\/strong><\/p>\n","protected":false},"excerpt":{"rendered":"<p>MERCEDES C Serisi<\/p>\n","protected":false},"featured_media":244,"comment_status":"open","ping_status":"closed","template":"","meta":{"_eb_attr":""},"product_brand":[],"product_cat":[446],"product_tag":[455,63],"class_list":{"0":"post-979","1":"product","2":"type-product","3":"status-publish","4":"has-post-thumbnail","6":"product_cat-mercedes-benz","7":"product_tag-mercedes-c-serisi-ceki-demiri-w202-1993-2000-sedan","8":"product_tag-stationwagon","10":"first","11":"instock","12":"shipping-taxable","13":"product-type-simple"},"_links":{"self":[{"href":"https:\/\/www.ekormuhendislik.com\/index.php?rest_route=\/wp\/v2\/product\/979","targetHints":{"allow":["GET"]}}],"collection":[{"href":"https:\/\/www.ekormuhendislik.com\/index.php?rest_route=\/wp\/v2\/product"}],"about":[{"href":"https:\/\/www.ekormuhendislik.com\/index.php?rest_route=\/wp\/v2\/types\/product"}],"replies":[{"embeddable":true,"href":"https:\/\/www.ekormuhendislik.com\/index.php?rest_route=%2Fwp%2Fv2%2Fcomments&post=979"}],"wp:featuredmedia":[{"embeddable":true,"href":"https:\/\/www.ekormuhendislik.com\/index.php?rest_route=\/wp\/v2\/media\/244"}],"wp:attachment":[{"href":"https:\/\/www.ekormuhendislik.com\/index.php?rest_route=%2Fwp%2Fv2%2Fmedia&parent=979"}],"wp:term":[{"taxonomy":"product_brand","embeddable":true,"href":"https:\/\/www.ekormuhendislik.com\/index.php?rest_route=%2Fwp%2Fv2%2Fproduct_brand&post=979"},{"taxonomy":"product_cat","embeddable":true,"href":"https:\/\/www.ekormuhendislik.com\/index.php?rest_route=%2Fwp%2Fv2%2Fproduct_cat&post=979"},{"taxonomy":"product_tag","embeddable":true,"href":"https:\/\/www.ekormuhendislik.com\/index.php?rest_route=%2Fwp%2Fv2%2Fproduct_tag&post=979"}],"curies":[{"name":"wp","href":"https:\/\/api.w.org\/{rel}","templated":true}]}}