{"id":971,"date":"2025-10-18T13:22:50","date_gmt":"2025-10-18T13:22:50","guid":{"rendered":"http:\/\/www.ekormuhendislik.com\/?post_type=product&#038;p=971"},"modified":"2025-10-18T13:22:57","modified_gmt":"2025-10-18T13:22:57","slug":"mercedes-190-serisi-ceki-demiri-w201-1988-1993-sedan","status":"publish","type":"product","link":"https:\/\/www.ekormuhendislik.com\/?product=mercedes-190-serisi-ceki-demiri-w201-1988-1993-sedan","title":{"rendered":"MERCEDES 190-Serisi \u00c7eki Demiri W201 1988-1993 Sedan"},"content":{"rendered":"<p><strong>Par\u00e7a Numaras\u0131&nbsp; : 016-122<\/strong><\/p>\n<p><strong>Avrupa standartlar\u0131nauygun CE belgeli MERCEDES 190-Serisi&nbsp;W201 1988-1993 Sedan&nbsp;&nbsp;orj\u0131nal aksesuar \u00e7eki demiri.&nbsp;<\/strong><\/p>\n<p><strong><\/p>\n<p>\u00c7ift civatal\u0131 &#8220;L Tipi&#8221; e\u011fik topuz modelidir.<\/p>\n<p>Fiyata universal elektrik tesisat dahildir.<\/p>\n<p>Max. \u00c7ekme kapasitesi&nbsp; &nbsp; &nbsp; &nbsp;: 1500&nbsp;KG<\/p>\n<p>Max. D\u00fc\u015fey Y\u00fck kapasitesi : 75&nbsp;KG<\/p>\n<p><\/strong><strong><\/p>\n<p>Montaj ve proje bedeli dahil de\u011fildir.&nbsp;<\/p>\n<p><\/strong><\/p>\n","protected":false},"excerpt":{"rendered":"<p>MERCEDES 190<\/p>\n","protected":false},"featured_media":244,"comment_status":"open","ping_status":"closed","template":"","meta":{"_eb_attr":""},"product_brand":[],"product_cat":[446],"product_tag":[447],"class_list":{"0":"post-971","1":"product","2":"type-product","3":"status-publish","4":"has-post-thumbnail","6":"product_cat-mercedes-benz","7":"product_tag-mercedes-190-serisi-ceki-demiri-w201-1988-1993-sedan","9":"first","10":"instock","11":"shipping-taxable","12":"product-type-simple"},"_links":{"self":[{"href":"https:\/\/www.ekormuhendislik.com\/index.php?rest_route=\/wp\/v2\/product\/971","targetHints":{"allow":["GET"]}}],"collection":[{"href":"https:\/\/www.ekormuhendislik.com\/index.php?rest_route=\/wp\/v2\/product"}],"about":[{"href":"https:\/\/www.ekormuhendislik.com\/index.php?rest_route=\/wp\/v2\/types\/product"}],"replies":[{"embeddable":true,"href":"https:\/\/www.ekormuhendislik.com\/index.php?rest_route=%2Fwp%2Fv2%2Fcomments&post=971"}],"wp:featuredmedia":[{"embeddable":true,"href":"https:\/\/www.ekormuhendislik.com\/index.php?rest_route=\/wp\/v2\/media\/244"}],"wp:attachment":[{"href":"https:\/\/www.ekormuhendislik.com\/index.php?rest_route=%2Fwp%2Fv2%2Fmedia&parent=971"}],"wp:term":[{"taxonomy":"product_brand","embeddable":true,"href":"https:\/\/www.ekormuhendislik.com\/index.php?rest_route=%2Fwp%2Fv2%2Fproduct_brand&post=971"},{"taxonomy":"product_cat","embeddable":true,"href":"https:\/\/www.ekormuhendislik.com\/index.php?rest_route=%2Fwp%2Fv2%2Fproduct_cat&post=971"},{"taxonomy":"product_tag","embeddable":true,"href":"https:\/\/www.ekormuhendislik.com\/index.php?rest_route=%2Fwp%2Fv2%2Fproduct_tag&post=971"}],"curies":[{"name":"wp","href":"https:\/\/api.w.org\/{rel}","templated":true}]}}