{"id":873,"date":"2025-10-18T13:22:05","date_gmt":"2025-10-18T13:22:05","guid":{"rendered":"http:\/\/www.ekormuhendislik.com\/?post_type=product&#038;p=873"},"modified":"2025-10-18T13:22:23","modified_gmt":"2025-10-18T13:22:23","slug":"kia-soul-sokulebilir-ceki-demiri-2008-2014","status":"publish","type":"product","link":"https:\/\/www.ekormuhendislik.com\/?product=kia-soul-sokulebilir-ceki-demiri-2008-2014","title":{"rendered":"KIA Soul S\u00f6k\u00fclebilir \u00c7eki Demiri 2008-2014"},"content":{"rendered":"<p>&nbsp;<\/p>\n<p><strong>Par\u00e7a Numaras\u0131\u00a0 : 038-724<\/strong><\/p>\n<p><strong>Avrupa standartlar\u0131na uygun CE belgeli KIA Soul S\u00f6k\u00fclebilir\u00a02008-2014\u00a0orjinal aksesuar \u00e7eki demiri.<\/strong><\/p>\n<p>&nbsp;<\/p>\n<p>S\u00f6k\u00fclebilir &#8220;Eco-Fit&#8221; e\u011fik topuz modelidir.<\/p>\n<p>Fiyata universal elektrik tesisat\u0131 dahildir.<\/p>\n<p>Max. \u00e7ekme kapasitesi\u00a0 \u00a0 \u00a0 \u00a0: 1506\u00a0kg<\/p>\n<p>Max. d\u00fc\u015fey y\u00fck kapasitesi : 52\u00a0kg<\/p>\n<p>&nbsp;<\/p>\n<p>Montaj ve proje bedeli dahil de\u011fildir.<\/p>\n<p>&nbsp;<\/p>\n","protected":false},"excerpt":{"rendered":"<p>KIA Soul<\/p>\n","protected":false},"featured_media":308,"comment_status":"open","ping_status":"closed","template":"","meta":{"_eb_attr":""},"product_brand":[],"product_cat":[140],"product_tag":[397],"class_list":{"0":"post-873","1":"product","2":"type-product","3":"status-publish","4":"has-post-thumbnail","6":"product_cat-kia","7":"product_tag-kia-soul-sokulebilir-ceki-demiri-2008-2014","9":"first","10":"instock","11":"shipping-taxable","12":"product-type-simple"},"_links":{"self":[{"href":"https:\/\/www.ekormuhendislik.com\/index.php?rest_route=\/wp\/v2\/product\/873","targetHints":{"allow":["GET"]}}],"collection":[{"href":"https:\/\/www.ekormuhendislik.com\/index.php?rest_route=\/wp\/v2\/product"}],"about":[{"href":"https:\/\/www.ekormuhendislik.com\/index.php?rest_route=\/wp\/v2\/types\/product"}],"replies":[{"embeddable":true,"href":"https:\/\/www.ekormuhendislik.com\/index.php?rest_route=%2Fwp%2Fv2%2Fcomments&post=873"}],"wp:featuredmedia":[{"embeddable":true,"href":"https:\/\/www.ekormuhendislik.com\/index.php?rest_route=\/wp\/v2\/media\/308"}],"wp:attachment":[{"href":"https:\/\/www.ekormuhendislik.com\/index.php?rest_route=%2Fwp%2Fv2%2Fmedia&parent=873"}],"wp:term":[{"taxonomy":"product_brand","embeddable":true,"href":"https:\/\/www.ekormuhendislik.com\/index.php?rest_route=%2Fwp%2Fv2%2Fproduct_brand&post=873"},{"taxonomy":"product_cat","embeddable":true,"href":"https:\/\/www.ekormuhendislik.com\/index.php?rest_route=%2Fwp%2Fv2%2Fproduct_cat&post=873"},{"taxonomy":"product_tag","embeddable":true,"href":"https:\/\/www.ekormuhendislik.com\/index.php?rest_route=%2Fwp%2Fv2%2Fproduct_tag&post=873"}],"curies":[{"name":"wp","href":"https:\/\/api.w.org\/{rel}","templated":true}]}}