{"id":871,"date":"2025-10-18T13:22:05","date_gmt":"2025-10-18T13:22:05","guid":{"rendered":"http:\/\/www.ekormuhendislik.com\/?post_type=product&#038;p=871"},"modified":"2025-10-18T13:22:22","modified_gmt":"2025-10-18T13:22:22","slug":"kia-sorento-ceki-demiri-2014-2018","status":"publish","type":"product","link":"https:\/\/www.ekormuhendislik.com\/?product=kia-sorento-ceki-demiri-2014-2018","title":{"rendered":"Kia Sorento \u00c7eki Demiri 2014-2018"},"content":{"rendered":"<p><font color=\"black\" size=\"3\"><\/p>\n<p><strong>Par\u00e7a Numaras\u0131&nbsp; : 040-011<\/strong><\/p>\n<p><strong>Avrupa standartlar\u0131na uygun CE belgeli Kia Sorento 2014-2018 orjinal aksesuar \u00e7eki demiri.<\/strong><\/p>\n<p><strong><\/p>\n<p>\u00c7ift civatal\u0131 &#8220;L tipi&#8221; e\u011fik topuz modelidir.<\/p>\n<p>Fiyata universal elektrik tesisat\u0131 dahildir.<\/p>\n<p>Max. \u00e7ekme kapasitesi&nbsp; &nbsp; &nbsp; &nbsp;: 2520 kg<\/p>\n<p>Max. d\u00fc\u015fey y\u00fck kapasitesi :100 kg<\/p>\n<p><\/strong><strong><\/p>\n<p>Montaj ve proje bedeli dahil de\u011fildir.<\/p>\n<p><\/strong><\/font><\/p>\n","protected":false},"excerpt":{"rendered":"<p>KIA Sorento<\/p>\n","protected":false},"featured_media":244,"comment_status":"open","ping_status":"closed","template":"","meta":{"_eb_attr":""},"product_brand":[],"product_cat":[140],"product_tag":[395],"class_list":{"0":"post-871","1":"product","2":"type-product","3":"status-publish","4":"has-post-thumbnail","6":"product_cat-kia","7":"product_tag-kia-sorento-ceki-demiri-2014-2018","9":"first","10":"instock","11":"shipping-taxable","12":"product-type-simple"},"_links":{"self":[{"href":"https:\/\/www.ekormuhendislik.com\/index.php?rest_route=\/wp\/v2\/product\/871","targetHints":{"allow":["GET"]}}],"collection":[{"href":"https:\/\/www.ekormuhendislik.com\/index.php?rest_route=\/wp\/v2\/product"}],"about":[{"href":"https:\/\/www.ekormuhendislik.com\/index.php?rest_route=\/wp\/v2\/types\/product"}],"replies":[{"embeddable":true,"href":"https:\/\/www.ekormuhendislik.com\/index.php?rest_route=%2Fwp%2Fv2%2Fcomments&post=871"}],"wp:featuredmedia":[{"embeddable":true,"href":"https:\/\/www.ekormuhendislik.com\/index.php?rest_route=\/wp\/v2\/media\/244"}],"wp:attachment":[{"href":"https:\/\/www.ekormuhendislik.com\/index.php?rest_route=%2Fwp%2Fv2%2Fmedia&parent=871"}],"wp:term":[{"taxonomy":"product_brand","embeddable":true,"href":"https:\/\/www.ekormuhendislik.com\/index.php?rest_route=%2Fwp%2Fv2%2Fproduct_brand&post=871"},{"taxonomy":"product_cat","embeddable":true,"href":"https:\/\/www.ekormuhendislik.com\/index.php?rest_route=%2Fwp%2Fv2%2Fproduct_cat&post=871"},{"taxonomy":"product_tag","embeddable":true,"href":"https:\/\/www.ekormuhendislik.com\/index.php?rest_route=%2Fwp%2Fv2%2Fproduct_tag&post=871"}],"curies":[{"name":"wp","href":"https:\/\/api.w.org\/{rel}","templated":true}]}}