{"id":349,"date":"2025-10-18T13:18:47","date_gmt":"2025-10-18T13:18:47","guid":{"rendered":"http:\/\/www.ekormuhendislik.com\/?post_type=product&#038;p=349"},"modified":"2025-10-18T13:18:57","modified_gmt":"2025-10-18T13:18:57","slug":"bmw-4-serisi-sokulebilir-ceki-demiri-f32-f33-f36-grandcoupecoupecabrio","status":"publish","type":"product","link":"https:\/\/www.ekormuhendislik.com\/?product=bmw-4-serisi-sokulebilir-ceki-demiri-f32-f33-f36-grandcoupecoupecabrio","title":{"rendered":"Bmw 4-Serisi S\u00f6k\u00fclebilir \u00c7eki Demiri F32\/F33\/F36 GrandCoupe,Coupe,Cabrio"},"content":{"rendered":"<p>&nbsp;<\/p>\n<p><strong>Par\u00e7a Numaras\u0131\u00a0 : 050-783<\/strong><\/p>\n<p><strong>Avrupa standartlar\u0131na uygun CE belgeli Bmw 4-Serisi S\u00f6k\u00fclebilir F32\/F33\/F36 GrandCoupe,Coupe,Cabrio orjinal aksesuar \u00e7eki demiri.<\/strong><\/p>\n<p>&nbsp;<\/p>\n<p>S\u00f6k\u00fclebilir &#8220;AK 41&#8221; e\u011fik topuz modelidir.<\/p>\n<p>Fiyata universal elektrik tesisat\u0131 dahildir.<\/p>\n<p>Max. \u00e7ekme kapasitesi\u00a0 \u00a0 \u00a0 \u00a0: 1944 kg<\/p>\n<p>Max. d\u00fc\u015fey y\u00fck kapasitesi :75 kg<\/p>\n<p>&nbsp;<\/p>\n<p>Montaj ve proje bedeli dahil de\u011fildir.<\/p>\n<p>&nbsp;<\/p>\n","protected":false},"excerpt":{"rendered":"<p>BMW 4-Serisi<\/p>\n","protected":false},"featured_media":308,"comment_status":"open","ping_status":"closed","template":"","meta":{"_eb_attr":""},"product_brand":[],"product_cat":[92],"product_tag":[121,65,72],"class_list":{"0":"post-349","1":"product","2":"type-product","3":"status-publish","4":"has-post-thumbnail","6":"product_cat-bmw","7":"product_tag-bmw-4-serisi-sokulebilir-ceki-demiri-f32-f33-f36-grandcoupe","8":"product_tag-cabrio","9":"product_tag-coupe","11":"first","12":"instock","13":"shipping-taxable","14":"product-type-simple"},"_links":{"self":[{"href":"https:\/\/www.ekormuhendislik.com\/index.php?rest_route=\/wp\/v2\/product\/349","targetHints":{"allow":["GET"]}}],"collection":[{"href":"https:\/\/www.ekormuhendislik.com\/index.php?rest_route=\/wp\/v2\/product"}],"about":[{"href":"https:\/\/www.ekormuhendislik.com\/index.php?rest_route=\/wp\/v2\/types\/product"}],"replies":[{"embeddable":true,"href":"https:\/\/www.ekormuhendislik.com\/index.php?rest_route=%2Fwp%2Fv2%2Fcomments&post=349"}],"wp:featuredmedia":[{"embeddable":true,"href":"https:\/\/www.ekormuhendislik.com\/index.php?rest_route=\/wp\/v2\/media\/308"}],"wp:attachment":[{"href":"https:\/\/www.ekormuhendislik.com\/index.php?rest_route=%2Fwp%2Fv2%2Fmedia&parent=349"}],"wp:term":[{"taxonomy":"product_brand","embeddable":true,"href":"https:\/\/www.ekormuhendislik.com\/index.php?rest_route=%2Fwp%2Fv2%2Fproduct_brand&post=349"},{"taxonomy":"product_cat","embeddable":true,"href":"https:\/\/www.ekormuhendislik.com\/index.php?rest_route=%2Fwp%2Fv2%2Fproduct_cat&post=349"},{"taxonomy":"product_tag","embeddable":true,"href":"https:\/\/www.ekormuhendislik.com\/index.php?rest_route=%2Fwp%2Fv2%2Fproduct_tag&post=349"}],"curies":[{"name":"wp","href":"https:\/\/api.w.org\/{rel}","templated":true}]}}