{"id":3440,"date":"2025-11-05T09:48:51","date_gmt":"2025-11-05T09:48:51","guid":{"rendered":"https:\/\/www.ekormuhendislik.com\/?post_type=product&#038;p=3440"},"modified":"2025-11-05T11:18:12","modified_gmt":"2025-11-05T11:18:12","slug":"atiker-h240-53-litre-simit-tank-degisimi-simit-tank","status":"publish","type":"product","link":"https:\/\/www.ekormuhendislik.com\/?product=atiker-h240-53-litre-simit-tank-degisimi-simit-tank","title":{"rendered":"Atiker H240 53 Litre Simit Tank De\u011fi\u015fimi Simit Tank"},"content":{"rendered":"<p>Atiker LPG tank de\u011fi\u015fimi, Atiker enjekt\u00f6r de\u011fi\u015fimi, fiyat<\/p>\n","protected":false},"excerpt":{"rendered":"<p>Simit, Silindir Tank De\u011fi\u015fimi, Proje, Tadilat, Atiker <\/p>\n","protected":false},"featured_media":3241,"comment_status":"closed","ping_status":"closed","template":"","meta":{"_eb_attr":""},"product_brand":[1104],"product_cat":[991],"product_tag":[987,1128,1129,1137,1118,1113,1153,1107,1127,1115,1122,1114,1111,1134,1142,1119,1121,1117,1146,1140,1144,1150,1152,1160,1120,1133,1158,1109,1149,1157,1106,1155,1162,1123,1136,1116,1131,1126,1145,1135,1138,1139,1163,1159,1151,1156,1105,1112,1143,1125,1141,1110,1108,1147,1130,1132,1124,1154,1161,1148,1102,1101,993,1103,1100,995,998],"class_list":{"0":"post-3440","1":"product","2":"type-product","3":"status-publish","4":"has-post-thumbnail","6":"product_brand-atiker","7":"product_cat-lpg-tanklari","8":"product_tag-atiker","9":"product_tag-atiker-anahtar","10":"product_tag-atiker-anahtar-soketi","11":"product_tag-atiker-ayar-programi","12":"product_tag-atiker-benzin-kesici","13":"product_tag-atiker-beyin","14":"product_tag-atiker-cng-donusumu","15":"product_tag-atiker-cng-sistemi","16":"product_tag-atiker-dolum-agzi","17":"product_tag-atiker-ecu","18":"product_tag-atiker-ecu-baglanti-kablosu","19":"product_tag-atiker-elektronik-kontrol-unitesi","20":"product_tag-atiker-enjektor","21":"product_tag-atiker-enjektor-rayi","22":"product_tag-atiker-fast-kit","23":"product_tag-atiker-filtre","24":"product_tag-atiker-gaz-filtresi","25":"product_tag-atiker-gaz-valfi","26":"product_tag-atiker-gold-fast","27":"product_tag-atiker-gold-kit","28":"product_tag-atiker-grand-kit","29":"product_tag-atiker-lpg-ayari","30":"product_tag-atiker-lpg-donusumu","31":"product_tag-atiker-lpg-ecu-programi","32":"product_tag-atiker-lpg-filtresi","33":"product_tag-atiker-lpg-hortumu","34":"product_tag-atiker-lpg-kalibrasyonu","35":"product_tag-atiker-lpg-kiti","36":"product_tag-atiker-lpg-montaji","37":"product_tag-atiker-lpg-servisi","38":"product_tag-atiker-lpg-sistemi","39":"product_tag-atiker-lpg-sistemi-fiyati","40":"product_tag-atiker-lpg-sistemi-parca","41":"product_tag-atiker-lpg-tanki","42":"product_tag-atiker-lpg-yazilimi","43":"product_tag-atiker-map-sensoru","44":"product_tag-atiker-montaj-seti","45":"product_tag-atiker-multivalf","46":"product_tag-atiker-nanofast","47":"product_tag-atiker-nozul","48":"product_tag-atiker-obd-sistemi","49":"product_tag-atiker-obd2-kit","50":"product_tag-atiker-orijinal-yedek-parca","51":"product_tag-atiker-otogaz-beyni","52":"product_tag-atiker-otogaz-donusumu","53":"product_tag-atiker-otogaz-servisi","54":"product_tag-atiker-otogaz-sistemi","55":"product_tag-atiker-regulator","56":"product_tag-atiker-safefast","57":"product_tag-atiker-silindirik-tank","58":"product_tag-atiker-silver-kit","59":"product_tag-atiker-sirali-otogaz-kiti","60":"product_tag-atiker-sirali-sistem","61":"product_tag-atiker-smart-fast","62":"product_tag-atiker-switch","63":"product_tag-atiker-tesisat-kablosu","64":"product_tag-atiker-toroidal-tank","65":"product_tag-atiker-yakit-tasarrufu","66":"product_tag-atiker-yazilim-guncelleme","67":"product_tag-atiker-yeni-nesil-otogaz-kiti","68":"product_tag-belirtilen-yasal-sureyi-asan-tanklar","69":"product_tag-projei-sivi-gaz-sistemi-onaysiz","70":"product_tag-saka","71":"product_tag-simit-silindir-tank-degisimleri","72":"product_tag-simit-tank-degisimi","73":"product_tag-step","74":"product_tag-tank-degisimi","76":"first","77":"instock","78":"shipping-taxable","79":"product-type-simple"},"_links":{"self":[{"href":"https:\/\/www.ekormuhendislik.com\/index.php?rest_route=\/wp\/v2\/product\/3440","targetHints":{"allow":["GET"]}}],"collection":[{"href":"https:\/\/www.ekormuhendislik.com\/index.php?rest_route=\/wp\/v2\/product"}],"about":[{"href":"https:\/\/www.ekormuhendislik.com\/index.php?rest_route=\/wp\/v2\/types\/product"}],"replies":[{"embeddable":true,"href":"https:\/\/www.ekormuhendislik.com\/index.php?rest_route=%2Fwp%2Fv2%2Fcomments&post=3440"}],"wp:featuredmedia":[{"embeddable":true,"href":"https:\/\/www.ekormuhendislik.com\/index.php?rest_route=\/wp\/v2\/media\/3241"}],"wp:attachment":[{"href":"https:\/\/www.ekormuhendislik.com\/index.php?rest_route=%2Fwp%2Fv2%2Fmedia&parent=3440"}],"wp:term":[{"taxonomy":"product_brand","embeddable":true,"href":"https:\/\/www.ekormuhendislik.com\/index.php?rest_route=%2Fwp%2Fv2%2Fproduct_brand&post=3440"},{"taxonomy":"product_cat","embeddable":true,"href":"https:\/\/www.ekormuhendislik.com\/index.php?rest_route=%2Fwp%2Fv2%2Fproduct_cat&post=3440"},{"taxonomy":"product_tag","embeddable":true,"href":"https:\/\/www.ekormuhendislik.com\/index.php?rest_route=%2Fwp%2Fv2%2Fproduct_tag&post=3440"}],"curies":[{"name":"wp","href":"https:\/\/api.w.org\/{rel}","templated":true}]}}