{"id":337,"date":"2025-10-18T13:18:46","date_gmt":"2025-10-18T13:18:46","guid":{"rendered":"http:\/\/www.ekormuhendislik.com\/?post_type=product&#038;p=337"},"modified":"2025-10-18T13:18:53","modified_gmt":"2025-10-18T13:18:53","slug":"bmw-3-serisi-sokulebilir-ceki-demiri-e92-e93-2006-coupecabrio","status":"publish","type":"product","link":"https:\/\/www.ekormuhendislik.com\/?product=bmw-3-serisi-sokulebilir-ceki-demiri-e92-e93-2006-coupecabrio","title":{"rendered":"Bmw 3-Serisi S\u00f6k\u00fclebilir \u00c7eki Demiri  E92\/E93 2006- Coupe,Cabrio"},"content":{"rendered":"<p><strong style=\"color: black; font-size: medium;\">Par\u00e7a Numaras\u0131\u00a0 : 050-263<\/strong><\/p>\n<p>&nbsp;<\/p>\n<p><strong>Avrupa standartlar\u0131na uygun CE belgeli Bmw 3-Serisi\u00a0E92\/E93 2006- Coupe,Cabrio\u00a0 orjinal aksesuar \u00e7eki demiri.<\/strong><\/p>\n<p>&nbsp;<\/p>\n<p>S\u00f6k\u00fclebilir &#8220;AK 41&#8221; e\u011fik topuz modelidir.<\/p>\n<p>Fiyata universal elektrik tesisat\u0131 dahildir.<\/p>\n<p>Max. \u00e7ekme kapasitesi\u00a0 \u00a0 \u00a0 \u00a0: 1965 kg<\/p>\n<p>Max. d\u00fc\u015fey y\u00fck kapasitesi :80 kg<\/p>\n<p>&nbsp;<\/p>\n<p>Montaj ve proje bedeli dahil de\u011fildir.<\/p>\n<p>&nbsp;<\/p>\n","protected":false},"excerpt":{"rendered":"<p>BMW 3-Serisi<\/p>\n","protected":false},"featured_media":308,"comment_status":"open","ping_status":"closed","template":"","meta":{"_eb_attr":""},"product_brand":[],"product_cat":[92],"product_tag":[107,65],"class_list":{"0":"post-337","1":"product","2":"type-product","3":"status-publish","4":"has-post-thumbnail","6":"product_cat-bmw","7":"product_tag-bmw-3-serisi-sokulebilir-ceki-demiri-e92-e93-2006-coupe","8":"product_tag-cabrio","10":"first","11":"instock","12":"shipping-taxable","13":"product-type-simple"},"_links":{"self":[{"href":"https:\/\/www.ekormuhendislik.com\/index.php?rest_route=\/wp\/v2\/product\/337","targetHints":{"allow":["GET"]}}],"collection":[{"href":"https:\/\/www.ekormuhendislik.com\/index.php?rest_route=\/wp\/v2\/product"}],"about":[{"href":"https:\/\/www.ekormuhendislik.com\/index.php?rest_route=\/wp\/v2\/types\/product"}],"replies":[{"embeddable":true,"href":"https:\/\/www.ekormuhendislik.com\/index.php?rest_route=%2Fwp%2Fv2%2Fcomments&post=337"}],"wp:featuredmedia":[{"embeddable":true,"href":"https:\/\/www.ekormuhendislik.com\/index.php?rest_route=\/wp\/v2\/media\/308"}],"wp:attachment":[{"href":"https:\/\/www.ekormuhendislik.com\/index.php?rest_route=%2Fwp%2Fv2%2Fmedia&parent=337"}],"wp:term":[{"taxonomy":"product_brand","embeddable":true,"href":"https:\/\/www.ekormuhendislik.com\/index.php?rest_route=%2Fwp%2Fv2%2Fproduct_brand&post=337"},{"taxonomy":"product_cat","embeddable":true,"href":"https:\/\/www.ekormuhendislik.com\/index.php?rest_route=%2Fwp%2Fv2%2Fproduct_cat&post=337"},{"taxonomy":"product_tag","embeddable":true,"href":"https:\/\/www.ekormuhendislik.com\/index.php?rest_route=%2Fwp%2Fv2%2Fproduct_tag&post=337"}],"curies":[{"name":"wp","href":"https:\/\/api.w.org\/{rel}","templated":true}]}}