{"id":335,"date":"2025-10-18T13:18:46","date_gmt":"2025-10-18T13:18:46","guid":{"rendered":"http:\/\/www.ekormuhendislik.com\/?post_type=product&#038;p=335"},"modified":"2025-10-18T13:18:52","modified_gmt":"2025-10-18T13:18:52","slug":"bmw-3-serisi-ceki-demiri-e46-1998-2006-sedancoupecabriostationwagoncompact","status":"publish","type":"product","link":"https:\/\/www.ekormuhendislik.com\/?product=bmw-3-serisi-ceki-demiri-e46-1998-2006-sedancoupecabriostationwagoncompact","title":{"rendered":"Bmw 3-Serisi \u00c7eki Demiri E46 1998-2006 Sedan,Coupe,Cabrio,Stationwagon,Compact"},"content":{"rendered":"<p><font color=\"black\" size=\"3\"><\/p>\n<p><strong>Par\u00e7a Numaras\u0131&nbsp; : 040-751<\/strong><\/p>\n<p><strong>Avrupa standartlar\u0131na uygun CE belgeli Bmw 3-Serisi E46&nbsp;1998-2006&nbsp; orjinal aksesuar \u00e7eki demiri.<\/strong><\/p>\n<p><strong><\/p>\n<p>\u00c7ift civatal\u0131 &#8220;L tipi&#8221; e\u011fik topuz modelidir.<\/p>\n<p>Fiyata universal elektrik tesisat\u0131 dahildir.<\/p>\n<p>Max. \u00e7ekme kapasitesi&nbsp; &nbsp; &nbsp; &nbsp;: 1800 kg<\/p>\n<p>Max. d\u00fc\u015fey y\u00fck kapasitesi :75 kg<\/p>\n<p><\/strong> <strong><\/p>\n<p>Montaj ve proje bedeli dahil de\u011fildir.<\/p>\n<p><\/strong> <\/font><\/p>\n","protected":false},"excerpt":{"rendered":"<p>BMW 3-Serisi<\/p>\n","protected":false},"featured_media":244,"comment_status":"open","ping_status":"closed","template":"","meta":{"_eb_attr":""},"product_brand":[],"product_cat":[92],"product_tag":[104,65,105,72,63],"class_list":{"0":"post-335","1":"product","2":"type-product","3":"status-publish","4":"has-post-thumbnail","6":"product_cat-bmw","7":"product_tag-bmw-3-serisi-ceki-demiri-e46-1998-2006-sedan","8":"product_tag-cabrio","9":"product_tag-compact","10":"product_tag-coupe","11":"product_tag-stationwagon","13":"first","14":"instock","15":"shipping-taxable","16":"product-type-simple"},"_links":{"self":[{"href":"https:\/\/www.ekormuhendislik.com\/index.php?rest_route=\/wp\/v2\/product\/335","targetHints":{"allow":["GET"]}}],"collection":[{"href":"https:\/\/www.ekormuhendislik.com\/index.php?rest_route=\/wp\/v2\/product"}],"about":[{"href":"https:\/\/www.ekormuhendislik.com\/index.php?rest_route=\/wp\/v2\/types\/product"}],"replies":[{"embeddable":true,"href":"https:\/\/www.ekormuhendislik.com\/index.php?rest_route=%2Fwp%2Fv2%2Fcomments&post=335"}],"wp:featuredmedia":[{"embeddable":true,"href":"https:\/\/www.ekormuhendislik.com\/index.php?rest_route=\/wp\/v2\/media\/244"}],"wp:attachment":[{"href":"https:\/\/www.ekormuhendislik.com\/index.php?rest_route=%2Fwp%2Fv2%2Fmedia&parent=335"}],"wp:term":[{"taxonomy":"product_brand","embeddable":true,"href":"https:\/\/www.ekormuhendislik.com\/index.php?rest_route=%2Fwp%2Fv2%2Fproduct_brand&post=335"},{"taxonomy":"product_cat","embeddable":true,"href":"https:\/\/www.ekormuhendislik.com\/index.php?rest_route=%2Fwp%2Fv2%2Fproduct_cat&post=335"},{"taxonomy":"product_tag","embeddable":true,"href":"https:\/\/www.ekormuhendislik.com\/index.php?rest_route=%2Fwp%2Fv2%2Fproduct_tag&post=335"}],"curies":[{"name":"wp","href":"https:\/\/api.w.org\/{rel}","templated":true}]}}