{"id":3295,"date":"2025-11-05T09:46:45","date_gmt":"2025-11-05T09:46:45","guid":{"rendered":"https:\/\/www.ekormuhendislik.com\/?post_type=product&#038;p=3295"},"modified":"2025-11-05T09:47:03","modified_gmt":"2025-11-05T09:47:03","slug":"brc-ecu","status":"publish","type":"product","link":"https:\/\/www.ekormuhendislik.com\/?product=brc-ecu","title":{"rendered":"BRC Ecu"},"content":{"rendered":"<p>BRC sistemlerde kullan\u0131lan beyin olarak adland\u0131r\u0131lan kontrol mekanizmas\u0131.<\/p>\n","protected":false},"excerpt":{"rendered":"<p>BRC sistemlerde kullan\u0131lan beyin olarak adland\u0131r\u0131lan kontrol mekanizmas\u0131.<\/p>\n","protected":false},"featured_media":3324,"comment_status":"open","ping_status":"closed","template":"","meta":{"_eb_attr":""},"product_brand":[],"product_cat":[1056],"product_tag":[983,1018,1044,1058,984],"class_list":{"0":"post-3295","1":"product","2":"type-product","3":"status-publish","4":"has-post-thumbnail","6":"product_cat-lpg-yedek-parcalari","7":"product_tag-bakim","8":"product_tag-beyin","9":"product_tag-brc","10":"product_tag-eku","11":"product_tag-lpg","13":"first","14":"instock","15":"shipping-taxable","16":"product-type-simple"},"_links":{"self":[{"href":"https:\/\/www.ekormuhendislik.com\/index.php?rest_route=\/wp\/v2\/product\/3295","targetHints":{"allow":["GET"]}}],"collection":[{"href":"https:\/\/www.ekormuhendislik.com\/index.php?rest_route=\/wp\/v2\/product"}],"about":[{"href":"https:\/\/www.ekormuhendislik.com\/index.php?rest_route=\/wp\/v2\/types\/product"}],"replies":[{"embeddable":true,"href":"https:\/\/www.ekormuhendislik.com\/index.php?rest_route=%2Fwp%2Fv2%2Fcomments&post=3295"}],"wp:featuredmedia":[{"embeddable":true,"href":"https:\/\/www.ekormuhendislik.com\/index.php?rest_route=\/wp\/v2\/media\/3324"}],"wp:attachment":[{"href":"https:\/\/www.ekormuhendislik.com\/index.php?rest_route=%2Fwp%2Fv2%2Fmedia&parent=3295"}],"wp:term":[{"taxonomy":"product_brand","embeddable":true,"href":"https:\/\/www.ekormuhendislik.com\/index.php?rest_route=%2Fwp%2Fv2%2Fproduct_brand&post=3295"},{"taxonomy":"product_cat","embeddable":true,"href":"https:\/\/www.ekormuhendislik.com\/index.php?rest_route=%2Fwp%2Fv2%2Fproduct_cat&post=3295"},{"taxonomy":"product_tag","embeddable":true,"href":"https:\/\/www.ekormuhendislik.com\/index.php?rest_route=%2Fwp%2Fv2%2Fproduct_tag&post=3295"}],"curies":[{"name":"wp","href":"https:\/\/api.w.org\/{rel}","templated":true}]}}