{"id":3263,"date":"2025-11-05T09:46:20","date_gmt":"2025-11-05T09:46:20","guid":{"rendered":"https:\/\/www.ekormuhendislik.com\/?post_type=product&#038;p=3263"},"modified":"2025-11-05T09:46:37","modified_gmt":"2025-11-05T09:46:37","slug":"atiker-3-silindir-enjektor","status":"publish","type":"product","link":"https:\/\/www.ekormuhendislik.com\/?product=atiker-3-silindir-enjektor","title":{"rendered":"Atiker 3 Silindir Enjekt\u00f6r"},"content":{"rendered":"<p>Atiker 3 Silindir 3 Ohm LPG Enjekt\u00f6r\u00fc.<\/p>\n","protected":false},"excerpt":{"rendered":"<p>Atiker 3 Silindir 3 Ohm LPG Enjekt\u00f6r\u00fc.<\/p>\n","protected":false},"featured_media":3284,"comment_status":"open","ping_status":"closed","template":"","meta":{"_eb_attr":""},"product_brand":[],"product_cat":[981],"product_tag":[1000,987,983,989,984],"class_list":{"0":"post-3263","1":"product","2":"type-product","3":"status-publish","4":"has-post-thumbnail","6":"product_cat-lpg-enjektorleri","7":"product_tag-3-silindir","8":"product_tag-atiker","9":"product_tag-bakim","10":"product_tag-enjektor","11":"product_tag-lpg","13":"first","14":"instock","15":"shipping-taxable","16":"product-type-simple"},"_links":{"self":[{"href":"https:\/\/www.ekormuhendislik.com\/index.php?rest_route=\/wp\/v2\/product\/3263","targetHints":{"allow":["GET"]}}],"collection":[{"href":"https:\/\/www.ekormuhendislik.com\/index.php?rest_route=\/wp\/v2\/product"}],"about":[{"href":"https:\/\/www.ekormuhendislik.com\/index.php?rest_route=\/wp\/v2\/types\/product"}],"replies":[{"embeddable":true,"href":"https:\/\/www.ekormuhendislik.com\/index.php?rest_route=%2Fwp%2Fv2%2Fcomments&post=3263"}],"wp:featuredmedia":[{"embeddable":true,"href":"https:\/\/www.ekormuhendislik.com\/index.php?rest_route=\/wp\/v2\/media\/3284"}],"wp:attachment":[{"href":"https:\/\/www.ekormuhendislik.com\/index.php?rest_route=%2Fwp%2Fv2%2Fmedia&parent=3263"}],"wp:term":[{"taxonomy":"product_brand","embeddable":true,"href":"https:\/\/www.ekormuhendislik.com\/index.php?rest_route=%2Fwp%2Fv2%2Fproduct_brand&post=3263"},{"taxonomy":"product_cat","embeddable":true,"href":"https:\/\/www.ekormuhendislik.com\/index.php?rest_route=%2Fwp%2Fv2%2Fproduct_cat&post=3263"},{"taxonomy":"product_tag","embeddable":true,"href":"https:\/\/www.ekormuhendislik.com\/index.php?rest_route=%2Fwp%2Fv2%2Fproduct_tag&post=3263"}],"curies":[{"name":"wp","href":"https:\/\/api.w.org\/{rel}","templated":true}]}}