{"id":3258,"date":"2025-11-05T09:46:20","date_gmt":"2025-11-05T09:46:20","guid":{"rendered":"https:\/\/www.ekormuhendislik.com\/?post_type=product&#038;p=3258"},"modified":"2025-11-05T09:46:35","modified_gmt":"2025-11-05T09:46:35","slug":"atiker-atikfast-lpg-kiti","status":"publish","type":"product","link":"https:\/\/www.ekormuhendislik.com\/?product=atiker-atikfast-lpg-kiti","title":{"rendered":"Atiker Atikfast LPG Kiti"},"content":{"rendered":"<p>Atiker Atikfast, Atiker&#8217;in otogaz sistemleri aras\u0131nda yer alan bir \u00fcr\u00fcnd\u00fcr. Bu sistem, benzinli ara\u00e7lar\u0131 LPG&#8217;ye (s\u0131v\u0131la\u015ft\u0131r\u0131lm\u0131\u015f petrol gaz\u0131) d\u00f6n\u00fc\u015ft\u00fcrmek i\u00e7in kullan\u0131l\u0131r. Atikfast sistemi, arac\u0131n motoruna LPG&#8217;yi daha etkin bir \u015fekilde enjekte etmek i\u00e7in tasarlanm\u0131\u015ft\u0131r. Bu d\u00f6n\u00fc\u015f\u00fcm, hem yak\u0131t maliyetlerinde tasarruf sa\u011flayabilir hem de \u00e7evre dostu bir alternatif yak\u0131t kullan\u0131m\u0131na olanak tan\u0131r.<\/p>\n<p><iframe title=\"Atiker Atikfast Nas\u0131l Bir \u00dcr\u00fcnd\u00fcr ? \u00d6zellikleri Nelerdir ?\" width=\"1140\" height=\"641\" src=\"https:\/\/www.youtube.com\/embed\/QRlbklsxmoQ?feature=oembed\" frameborder=\"0\" allow=\"accelerometer; autoplay; clipboard-write; encrypted-media; gyroscope; picture-in-picture; web-share\" referrerpolicy=\"strict-origin-when-cross-origin\" allowfullscreen><\/iframe><\/p>\n","protected":false},"excerpt":{"rendered":"<p>Atiker Atikfast, Atiker&#8217;in otogaz sistemleri aras\u0131nda yer alan bir \u00fcr\u00fcnd\u00fcr. Bu sistem, benzinli ara\u00e7lar\u0131 LPG&#8217;ye (s\u0131v\u0131la\u015ft\u0131r\u0131lm\u0131\u015f petrol gaz\u0131) d\u00f6n\u00fc\u015ft\u00fcrmek i\u00e7in kullan\u0131l\u0131r. Atikfast sistemi, arac\u0131n motoruna LPG&#8217;yi daha etkin bir \u015fekilde enjekte etmek i\u00e7in tasarlanm\u0131\u015ft\u0131r. Bu d\u00f6n\u00fc\u015f\u00fcm, hem yak\u0131t maliyetlerinde tasarruf sa\u011flayabilir hem de \u00e7evre dostu bir alternatif yak\u0131t kullan\u0131m\u0131na olanak tan\u0131r.<\/p>\n[embed]https:\/\/www.youtube.com\/watch?v=QRlbklsxmoQ&#038;pp=ygUPYXRpa2VyIGF0aWtmYXN0[\/embed]\n","protected":false},"featured_media":3282,"comment_status":"open","ping_status":"closed","template":"","meta":{"_eb_attr":""},"product_brand":[],"product_cat":[1028],"product_tag":[922,987,988,1029,984,935,942,1030,1031,1032,1033,1010,1016],"class_list":{"0":"post-3258","1":"product","2":"type-product","3":"status-publish","4":"has-post-thumbnail","6":"product_cat-lpg-kitleri","7":"product_tag-araca","8":"product_tag-atiker","9":"product_tag-atikfast","10":"product_tag-fiyat","11":"product_tag-lpg","12":"product_tag-montaj","13":"product_tag-montaji","14":"product_tag-muhendislik","15":"product_tag-nasil","16":"product_tag-ne-kadar","17":"product_tag-olur-mu","18":"product_tag-otogaz","19":"product_tag-ucel","21":"first","22":"instock","23":"shipping-taxable","24":"product-type-simple"},"_links":{"self":[{"href":"https:\/\/www.ekormuhendislik.com\/index.php?rest_route=\/wp\/v2\/product\/3258","targetHints":{"allow":["GET"]}}],"collection":[{"href":"https:\/\/www.ekormuhendislik.com\/index.php?rest_route=\/wp\/v2\/product"}],"about":[{"href":"https:\/\/www.ekormuhendislik.com\/index.php?rest_route=\/wp\/v2\/types\/product"}],"replies":[{"embeddable":true,"href":"https:\/\/www.ekormuhendislik.com\/index.php?rest_route=%2Fwp%2Fv2%2Fcomments&post=3258"}],"wp:featuredmedia":[{"embeddable":true,"href":"https:\/\/www.ekormuhendislik.com\/index.php?rest_route=\/wp\/v2\/media\/3282"}],"wp:attachment":[{"href":"https:\/\/www.ekormuhendislik.com\/index.php?rest_route=%2Fwp%2Fv2%2Fmedia&parent=3258"}],"wp:term":[{"taxonomy":"product_brand","embeddable":true,"href":"https:\/\/www.ekormuhendislik.com\/index.php?rest_route=%2Fwp%2Fv2%2Fproduct_brand&post=3258"},{"taxonomy":"product_cat","embeddable":true,"href":"https:\/\/www.ekormuhendislik.com\/index.php?rest_route=%2Fwp%2Fv2%2Fproduct_cat&post=3258"},{"taxonomy":"product_tag","embeddable":true,"href":"https:\/\/www.ekormuhendislik.com\/index.php?rest_route=%2Fwp%2Fv2%2Fproduct_tag&post=3258"}],"curies":[{"name":"wp","href":"https:\/\/api.w.org\/{rel}","templated":true}]}}