{"id":3257,"date":"2025-11-05T09:46:20","date_gmt":"2025-11-05T09:46:20","guid":{"rendered":"https:\/\/www.ekormuhendislik.com\/?post_type=product&#038;p=3257"},"modified":"2025-11-05T09:46:28","modified_gmt":"2025-11-05T09:46:28","slug":"alugas-33-litre-simit-tank-degisimi-simitvalfli-dolumlu-gaz-tupu","status":"publish","type":"product","link":"https:\/\/www.ekormuhendislik.com\/?product=alugas-33-litre-simit-tank-degisimi-simitvalfli-dolumlu-gaz-tupu","title":{"rendered":"Alugas 33 Litre Simit Tank De\u011fi\u015fimi SimitValfli Dolumlu Gaz T\u00fcp\u00fc"},"content":{"rendered":"<p><strong>Alugas 33 Litre Simit Tank De\u011fi\u015fimi SimitValfli Dolumlu Gaz T\u00fcp\u00fc<\/strong><\/p>\n<p>Gaz dolumu yap\u0131l\u0131rken gaz seviyesi %80 doluluk oran\u0131na ula\u015ft\u0131\u011f\u0131nda g\u00fcvenlik valfi devreye girer ve gaz dolumunu otomotik olarak durdurur.<\/p>\n<p>Gaz seviye g\u00f6stergelidir.\u00a0Dedant\u00f6r\u00fc s\u00f6kmeye ihtiya\u00e7 kalmadan gaz dolumu yap\u0131lma kolayl\u0131\u011f\u0131 sa\u011flar.<\/p>\n<p>Geleneksel \u00e7elik silindirlerden %60&#8217;a kadar daha hafiftir<\/p>\n<p>%100 korozyona ve deniz suyuna dayan\u0131kl\u0131d\u0131r.<\/p>\n<p>K\u0131\u015f kamp\u0131 severler i\u00e7in; \u00f6nemli \u00f6l\u00e7\u00fcde geli\u015ftirilmi\u015f buharla\u015fma performans\u0131, valflerin so\u011fuk havalarda bile buzlanmamas\u0131n\u0131 sa\u011flar.<\/p>\n<p><strong>Dolum a\u011fz\u0131yla birlikte, kullan\u0131m haz\u0131r \u015fekilde g\u00f6nderilir.<\/strong><\/p>\n<p>Men\u015fei : Almanya<\/p>\n<p><strong>Kullan\u0131m \u00d6mr\u00fc 10 y\u0131ld\u0131r.<\/strong><\/p>\n<p>&nbsp;<\/p>\n<p><strong>TEKN\u0130K \u00d6ZELL\u0130KLER<\/strong><\/p>\n<p>Gaz :\u00a0hacmi 33,3 L<\/p>\n<p>Propan dolum a\u011f\u0131rl\u0131\u011f\u0131 14 kg<\/p>\n<p>B\u00fctan dolum a\u011f\u0131rl\u0131\u011f\u0131 16,3 kg<\/p>\n<p>Bo\u015f\u00a0a\u011f\u0131rl\u0131\u011f\u0131 7,5\u00a0kg<\/p>\n<p>\u00c7ap 300 mm<\/p>\n<p>Y\u00fckseklik 690 mm<\/p>\n<p><span style=\"font-size: medium;\"><strong>Kullan\u0131m k\u0131lavuzu i\u00e7in\u00a0<span style=\"color: #000000;\">(\u0130ngilizce)\u00a0<\/span>\u00a0<a href=\"https:\/\/drive.google.com\/file\/d\/1YHMpWngyV8Nzqcf_kWytF2i8MwYOgcQx\/view\"><span style=\"color: #000000;\">t\u0131klay\u0131n<\/span><\/a><\/strong><\/span><\/p>\n<p>(T\u00fcrk\u00e7e)\u00a0 \u00a0\u00a0<a href=\"https:\/\/drive.google.com\/file\/d\/1-6Oup80IsLTkqqtpO1v1nCoG29AJ5aXg\/view?usp=sharing\">t\u0131klay\u0131n<\/a><\/p>\n","protected":false},"excerpt":{"rendered":"<p><strong>Alugas 33 Litre Simit Tank De\u011fi\u015fimi SimitValfli Dolumlu Gaz T\u00fcp\u00fc<\/strong><\/p>\n<p>Gaz dolumu yap\u0131l\u0131rken gaz seviyesi %80 doluluk oran\u0131na ula\u015ft\u0131\u011f\u0131nda g\u00fcvenlik valfi devreye girer ve gaz dolumunu otomotik olarak durdurur.<\/p>\n<p>Gaz seviye g\u00f6stergelidir.\u00a0Dedant\u00f6r\u00fc s\u00f6kmeye ihtiya\u00e7 kalmadan gaz dolumu yap\u0131lma kolayl\u0131\u011f\u0131 sa\u011flar.<\/p>\n<p>Geleneksel \u00e7elik silindirlerden %60&#8217;a kadar daha hafiftir<\/p>\n<p>%100 korozyona ve deniz suyuna dayan\u0131kl\u0131d\u0131r.<\/p>\n<p>K\u0131\u015f kamp\u0131 severler i\u00e7in; \u00f6nemli \u00f6l\u00e7\u00fcde geli\u015ftirilmi\u015f buharla\u015fma performans\u0131, valflerin so\u011fuk havalarda bile buzlanmamas\u0131n\u0131 sa\u011flar.<\/p>\n<p><strong>Dolum a\u011fz\u0131yla birlikte, kullan\u0131m haz\u0131r \u015fekilde g\u00f6nderilir.<\/strong><\/p>\n<p>Men\u015fei : Almanya<\/p>\n<p><strong>Kullan\u0131m \u00d6mr\u00fc 10 y\u0131ld\u0131r.<\/strong><\/p>\n<p>&nbsp;<\/p>\n<p><strong>TEKN\u0130K \u00d6ZELL\u0130KLER<\/strong><\/p>\n<p>Gaz :\u00a0hacmi 33,3 L<\/p>\n<p>Propan dolum a\u011f\u0131rl\u0131\u011f\u0131 14 kg<\/p>\n<p>B\u00fctan dolum a\u011f\u0131rl\u0131\u011f\u0131 16,3 kg<\/p>\n<p>Bo\u015f\u00a0a\u011f\u0131rl\u0131\u011f\u0131 7,5\u00a0kg<\/p>\n<p>\u00c7ap 300 mm<\/p>\n<p>Y\u00fckseklik 690 mm<\/p>\n<p><span style=\"font-size: medium;\"><strong>Kullan\u0131m k\u0131lavuzu i\u00e7in\u00a0<span style=\"color: #000000;\">(\u0130ngilizce)\u00a0<\/span>\u00a0<a href=\"https:\/\/drive.google.com\/file\/d\/1YHMpWngyV8Nzqcf_kWytF2i8MwYOgcQx\/view\"><span style=\"color: #000000;\">t\u0131klay\u0131n<\/span><\/a><\/strong><\/span><\/p>\n<p>(T\u00fcrk\u00e7e)\u00a0 \u00a0\u00a0<a href=\"https:\/\/drive.google.com\/file\/d\/1-6Oup80IsLTkqqtpO1v1nCoG29AJ5aXg\/view?usp=sharing\">t\u0131klay\u0131n<\/a><\/p>\n","protected":false},"featured_media":3278,"comment_status":"open","ping_status":"closed","template":"","meta":{"_eb_attr":""},"product_brand":[],"product_cat":[1023,1024,1025],"product_tag":[912,1026,1004,915,917,1027],"class_list":{"0":"post-3257","1":"product","2":"type-product","3":"status-publish","4":"has-post-thumbnail","6":"product_cat-isitma-ve-sogutma-sistemleri","7":"product_cat-lpg-ekipmalari-ve-yedek-parcalar","8":"product_cat-lpg-tanklari-lpg-ekipmalari-ve-yedek-parcalar","9":"product_tag-alugas","10":"product_tag-cekme-karavan","11":"product_tag-filtre","12":"product_tag-karavan-lpg","13":"product_tag-karavan-lpg-tanki","14":"product_tag-lpg-tank","16":"first","17":"instock","18":"shipping-taxable","19":"product-type-simple"},"_links":{"self":[{"href":"https:\/\/www.ekormuhendislik.com\/index.php?rest_route=\/wp\/v2\/product\/3257","targetHints":{"allow":["GET"]}}],"collection":[{"href":"https:\/\/www.ekormuhendislik.com\/index.php?rest_route=\/wp\/v2\/product"}],"about":[{"href":"https:\/\/www.ekormuhendislik.com\/index.php?rest_route=\/wp\/v2\/types\/product"}],"replies":[{"embeddable":true,"href":"https:\/\/www.ekormuhendislik.com\/index.php?rest_route=%2Fwp%2Fv2%2Fcomments&post=3257"}],"wp:featuredmedia":[{"embeddable":true,"href":"https:\/\/www.ekormuhendislik.com\/index.php?rest_route=\/wp\/v2\/media\/3278"}],"wp:attachment":[{"href":"https:\/\/www.ekormuhendislik.com\/index.php?rest_route=%2Fwp%2Fv2%2Fmedia&parent=3257"}],"wp:term":[{"taxonomy":"product_brand","embeddable":true,"href":"https:\/\/www.ekormuhendislik.com\/index.php?rest_route=%2Fwp%2Fv2%2Fproduct_brand&post=3257"},{"taxonomy":"product_cat","embeddable":true,"href":"https:\/\/www.ekormuhendislik.com\/index.php?rest_route=%2Fwp%2Fv2%2Fproduct_cat&post=3257"},{"taxonomy":"product_tag","embeddable":true,"href":"https:\/\/www.ekormuhendislik.com\/index.php?rest_route=%2Fwp%2Fv2%2Fproduct_tag&post=3257"}],"curies":[{"name":"wp","href":"https:\/\/api.w.org\/{rel}","templated":true}]}}