{"id":280,"date":"2025-10-18T13:18:27","date_gmt":"2025-10-18T13:18:27","guid":{"rendered":"http:\/\/www.ekormuhendislik.com\/?post_type=product&#038;p=280"},"modified":"2025-10-18T13:18:37","modified_gmt":"2025-10-18T13:18:37","slug":"audi-a7-sokulebilir-ceki-demiri-c8-2018-sportback","status":"publish","type":"product","link":"https:\/\/www.ekormuhendislik.com\/?product=audi-a7-sokulebilir-ceki-demiri-c8-2018-sportback","title":{"rendered":"Audi A7 S\u00f6k\u00fclebilir \u00c7eki Demiri C8 2018- Sportback"},"content":{"rendered":"<p><strong>Par\u00e7a Numaras\u0131\u00a0 : 052-283<\/strong><\/p>\n<p><strong>Avrupa standartlar\u0131na uygun CE belgeli Audi A7\u00a0C8\u00a02018- Sportback\u00a0 orjinal aksesuar \u00e7eki demiri.<\/strong><\/p>\n<p>S\u00f6k\u00fclebilir &#8220;AK 41&#8221; e\u011fik topuz modelidir.<\/p>\n<p>Fiyata universal elektrik tesisat\u0131 dahildir.<\/p>\n<p>Max. \u00e7ekme kapasitesi\u00a0 \u00a0 \u00a0 \u00a0: 2000 kg<\/p>\n<p>Max. d\u00fc\u015fey y\u00fck kapasitesi : 95 kg<\/p>\n<p>&nbsp;<\/p>\n<p><strong>Montaj ve proje bedeli dahil de\u011fildir.<\/strong><\/p>\n<p>&nbsp;<\/p>\n","protected":false},"excerpt":{"rendered":"<p>AUDI A7<\/p>\n","protected":false},"featured_media":308,"comment_status":"open","ping_status":"closed","template":"","meta":{"_eb_attr":""},"product_brand":[],"product_cat":[41],"product_tag":[80],"class_list":{"0":"post-280","1":"product","2":"type-product","3":"status-publish","4":"has-post-thumbnail","6":"product_cat-audi","7":"product_tag-audi-a7-sokulebilir-ceki-demiri-c8-2018-sportback","9":"first","10":"instock","11":"shipping-taxable","12":"product-type-simple"},"_links":{"self":[{"href":"https:\/\/www.ekormuhendislik.com\/index.php?rest_route=\/wp\/v2\/product\/280","targetHints":{"allow":["GET"]}}],"collection":[{"href":"https:\/\/www.ekormuhendislik.com\/index.php?rest_route=\/wp\/v2\/product"}],"about":[{"href":"https:\/\/www.ekormuhendislik.com\/index.php?rest_route=\/wp\/v2\/types\/product"}],"replies":[{"embeddable":true,"href":"https:\/\/www.ekormuhendislik.com\/index.php?rest_route=%2Fwp%2Fv2%2Fcomments&post=280"}],"wp:featuredmedia":[{"embeddable":true,"href":"https:\/\/www.ekormuhendislik.com\/index.php?rest_route=\/wp\/v2\/media\/308"}],"wp:attachment":[{"href":"https:\/\/www.ekormuhendislik.com\/index.php?rest_route=%2Fwp%2Fv2%2Fmedia&parent=280"}],"wp:term":[{"taxonomy":"product_brand","embeddable":true,"href":"https:\/\/www.ekormuhendislik.com\/index.php?rest_route=%2Fwp%2Fv2%2Fproduct_brand&post=280"},{"taxonomy":"product_cat","embeddable":true,"href":"https:\/\/www.ekormuhendislik.com\/index.php?rest_route=%2Fwp%2Fv2%2Fproduct_cat&post=280"},{"taxonomy":"product_tag","embeddable":true,"href":"https:\/\/www.ekormuhendislik.com\/index.php?rest_route=%2Fwp%2Fv2%2Fproduct_tag&post=280"}],"curies":[{"name":"wp","href":"https:\/\/api.w.org\/{rel}","templated":true}]}}