{"id":243,"date":"2025-10-18T13:18:05","date_gmt":"2025-10-18T13:18:05","guid":{"rendered":"http:\/\/www.ekormuhendislik.com\/?post_type=product&#038;p=243"},"modified":"2025-10-18T13:18:33","modified_gmt":"2025-10-18T13:18:33","slug":"audi-a5-ceki-demiri-2009-2017-sportbackcoupecabrio","status":"publish","type":"product","link":"https:\/\/www.ekormuhendislik.com\/?product=audi-a5-ceki-demiri-2009-2017-sportbackcoupecabrio","title":{"rendered":"Audi A5 \u00c7eki Demiri  2009-2017 Sportback,Coupe,Cabrio"},"content":{"rendered":"<p><font color=\"black\" size=\"3\"><\/p>\n<p><strong>Par\u00e7a Numaras\u0131&nbsp; : 044-761<\/strong><\/p>\n<p><strong>Avrupa standartlar\u0131na uygun CE belgeli Audi A5&nbsp;2009-2015&nbsp;Sportback,Coupe,Cabrio&nbsp; orjinal aksesuar \u00e7eki demiri.<\/strong><\/p>\n<p><strong><\/p>\n<p>\u00c7ift civatal\u0131 &#8220;L tipi&#8221; e\u011fik topuz modelidir.<\/p>\n<p>Fiyata universal elektrik tesisat\u0131 dahildir.<\/p>\n<p>Max. \u00e7ekme kapasitesi&nbsp; &nbsp; &nbsp; &nbsp;: 2145 kg<\/p>\n<p>Max. d\u00fc\u015fey y\u00fck kapasitesi : 90 kg<\/p>\n<p><\/strong> <strong><\/p>\n<p>Montaj ve proje bedeli dahil de\u011fildir.<\/p>\n<p><\/strong> <\/font><\/p>\n","protected":false},"excerpt":{"rendered":"<p>AUDI A5<\/p>\n","protected":false},"featured_media":244,"comment_status":"open","ping_status":"closed","template":"","meta":{"_eb_attr":""},"product_brand":[],"product_cat":[41],"product_tag":[71,65,72],"class_list":{"0":"post-243","1":"product","2":"type-product","3":"status-publish","4":"has-post-thumbnail","6":"product_cat-audi","7":"product_tag-audi-a5-ceki-demiri-2009-2017-sportback","8":"product_tag-cabrio","9":"product_tag-coupe","11":"first","12":"instock","13":"shipping-taxable","14":"product-type-simple"},"_links":{"self":[{"href":"https:\/\/www.ekormuhendislik.com\/index.php?rest_route=\/wp\/v2\/product\/243","targetHints":{"allow":["GET"]}}],"collection":[{"href":"https:\/\/www.ekormuhendislik.com\/index.php?rest_route=\/wp\/v2\/product"}],"about":[{"href":"https:\/\/www.ekormuhendislik.com\/index.php?rest_route=\/wp\/v2\/types\/product"}],"replies":[{"embeddable":true,"href":"https:\/\/www.ekormuhendislik.com\/index.php?rest_route=%2Fwp%2Fv2%2Fcomments&post=243"}],"wp:featuredmedia":[{"embeddable":true,"href":"https:\/\/www.ekormuhendislik.com\/index.php?rest_route=\/wp\/v2\/media\/244"}],"wp:attachment":[{"href":"https:\/\/www.ekormuhendislik.com\/index.php?rest_route=%2Fwp%2Fv2%2Fmedia&parent=243"}],"wp:term":[{"taxonomy":"product_brand","embeddable":true,"href":"https:\/\/www.ekormuhendislik.com\/index.php?rest_route=%2Fwp%2Fv2%2Fproduct_brand&post=243"},{"taxonomy":"product_cat","embeddable":true,"href":"https:\/\/www.ekormuhendislik.com\/index.php?rest_route=%2Fwp%2Fv2%2Fproduct_cat&post=243"},{"taxonomy":"product_tag","embeddable":true,"href":"https:\/\/www.ekormuhendislik.com\/index.php?rest_route=%2Fwp%2Fv2%2Fproduct_tag&post=243"}],"curies":[{"name":"wp","href":"https:\/\/api.w.org\/{rel}","templated":true}]}}