{"id":238,"date":"2025-10-18T13:18:05","date_gmt":"2025-10-18T13:18:05","guid":{"rendered":"http:\/\/www.ekormuhendislik.com\/?post_type=product&#038;p=238"},"modified":"2025-10-18T13:18:29","modified_gmt":"2025-10-18T13:18:29","slug":"audi-a4-ceki-demiri-b7-2005-2008-sedanstationwagoncabrio","status":"publish","type":"product","link":"https:\/\/www.ekormuhendislik.com\/?product=audi-a4-ceki-demiri-b7-2005-2008-sedanstationwagoncabrio","title":{"rendered":"Audi A4 \u00c7eki Demiri B7 2005-2008 Sedan,Stationwagon,Cabrio"},"content":{"rendered":"<p><font color=\"black\" size=\"3\"><\/p>\n<p><strong>Par\u00e7a Numaras\u0131&nbsp; : 034-601<\/strong><\/p>\n<p><strong>Avrupa standartlar\u0131na uygun CE belgeli Audi A4 B7&nbsp;2005-2008&nbsp;Sedan,Stationwagen,Cabrio orjinal aksesuar \u00e7eki demiri.<\/strong><\/p>\n<p><strong><\/p>\n<p>\u00c7ift civatal\u0131 &#8220;L tipi&#8221; e\u011fik topuz modelidir.<\/p>\n<p>Fiyata universal elektrik tesisat\u0131 dahildir.<\/p>\n<p>Max. \u00e7ekme kapasitesi&nbsp; &nbsp; &nbsp; &nbsp;: 2000 kg<\/p>\n<p>Max. d\u00fc\u015fey y\u00fck kapasitesi : 80 kg<\/p>\n<p><\/strong> <strong><\/p>\n<p>Montaj ve proje bedeli dahil de\u011fildir.<\/p>\n<p><\/strong> <\/font><\/p>\n","protected":false},"excerpt":{"rendered":"<p>AUDI A4<\/p>\n","protected":false},"featured_media":244,"comment_status":"open","ping_status":"closed","template":"","meta":{"_eb_attr":""},"product_brand":[],"product_cat":[41],"product_tag":[66,65,63],"class_list":{"0":"post-238","1":"product","2":"type-product","3":"status-publish","4":"has-post-thumbnail","6":"product_cat-audi","7":"product_tag-audi-a4-ceki-demiri-b7-2005-2008-sedan","8":"product_tag-cabrio","9":"product_tag-stationwagon","11":"first","12":"instock","13":"shipping-taxable","14":"product-type-simple"},"_links":{"self":[{"href":"https:\/\/www.ekormuhendislik.com\/index.php?rest_route=\/wp\/v2\/product\/238","targetHints":{"allow":["GET"]}}],"collection":[{"href":"https:\/\/www.ekormuhendislik.com\/index.php?rest_route=\/wp\/v2\/product"}],"about":[{"href":"https:\/\/www.ekormuhendislik.com\/index.php?rest_route=\/wp\/v2\/types\/product"}],"replies":[{"embeddable":true,"href":"https:\/\/www.ekormuhendislik.com\/index.php?rest_route=%2Fwp%2Fv2%2Fcomments&post=238"}],"wp:featuredmedia":[{"embeddable":true,"href":"https:\/\/www.ekormuhendislik.com\/index.php?rest_route=\/wp\/v2\/media\/244"}],"wp:attachment":[{"href":"https:\/\/www.ekormuhendislik.com\/index.php?rest_route=%2Fwp%2Fv2%2Fmedia&parent=238"}],"wp:term":[{"taxonomy":"product_brand","embeddable":true,"href":"https:\/\/www.ekormuhendislik.com\/index.php?rest_route=%2Fwp%2Fv2%2Fproduct_brand&post=238"},{"taxonomy":"product_cat","embeddable":true,"href":"https:\/\/www.ekormuhendislik.com\/index.php?rest_route=%2Fwp%2Fv2%2Fproduct_cat&post=238"},{"taxonomy":"product_tag","embeddable":true,"href":"https:\/\/www.ekormuhendislik.com\/index.php?rest_route=%2Fwp%2Fv2%2Fproduct_tag&post=238"}],"curies":[{"name":"wp","href":"https:\/\/api.w.org\/{rel}","templated":true}]}}