{"id":223,"date":"2025-10-18T13:18:04","date_gmt":"2025-10-18T13:18:04","guid":{"rendered":"http:\/\/www.ekormuhendislik.com\/?post_type=product&#038;p=223"},"modified":"2025-10-18T13:18:17","modified_gmt":"2025-10-18T13:18:17","slug":"audi-a3-ceki-demiri-8v-2012-2016-hatchbacksportback","status":"publish","type":"product","link":"https:\/\/www.ekormuhendislik.com\/?product=audi-a3-ceki-demiri-8v-2012-2016-hatchbacksportback","title":{"rendered":"Audi A3  \u00c7eki Demiri  8V 2012-2016  Hatchback,Sportback"},"content":{"rendered":"<p>&nbsp;<\/p>\n<p><strong>Par\u00e7a Numaras\u0131\u00a0 : 038-041<\/strong><\/p>\n<p><strong>Avrupa standartlar\u0131na uygun CE belgeli Audi A3 8V 2012-2016 Hatchback,Sportback\u00a0orjinal aksesuar \u00e7eki demiri.<\/strong><\/p>\n<p>&nbsp;<\/p>\n<p>\u00c7ift civatal\u0131 &#8220;L tipi&#8221; e\u011fik topuz modelidir.<\/p>\n<p>Fiyata universal elektrik tesisat\u0131 dahildir.<\/p>\n<p>Max. \u00e7ekme kapasitesi\u00a0 \u00a0 \u00a0 \u00a0: 2000 kg<\/p>\n<p>Max. d\u00fc\u015fey y\u00fck kapasitesi : 80 kg<\/p>\n<p>&nbsp;<\/p>\n<p>Montaj ve proje bedeli dahil de\u011fildir.<\/p>\n<p>&nbsp;<\/p>\n","protected":false},"excerpt":{"rendered":"<p>AUDI A3<\/p>\n","protected":false},"featured_media":244,"comment_status":"open","ping_status":"closed","template":"","meta":{"_eb_attr":""},"product_brand":[],"product_cat":[41],"product_tag":[46,47],"class_list":{"0":"post-223","1":"product","2":"type-product","3":"status-publish","4":"has-post-thumbnail","6":"product_cat-audi","7":"product_tag-audi-a3-ceki-demiri-8v-2012-2016-hatchback","8":"product_tag-sportback","10":"first","11":"instock","12":"shipping-taxable","13":"product-type-simple"},"_links":{"self":[{"href":"https:\/\/www.ekormuhendislik.com\/index.php?rest_route=\/wp\/v2\/product\/223","targetHints":{"allow":["GET"]}}],"collection":[{"href":"https:\/\/www.ekormuhendislik.com\/index.php?rest_route=\/wp\/v2\/product"}],"about":[{"href":"https:\/\/www.ekormuhendislik.com\/index.php?rest_route=\/wp\/v2\/types\/product"}],"replies":[{"embeddable":true,"href":"https:\/\/www.ekormuhendislik.com\/index.php?rest_route=%2Fwp%2Fv2%2Fcomments&post=223"}],"wp:featuredmedia":[{"embeddable":true,"href":"https:\/\/www.ekormuhendislik.com\/index.php?rest_route=\/wp\/v2\/media\/244"}],"wp:attachment":[{"href":"https:\/\/www.ekormuhendislik.com\/index.php?rest_route=%2Fwp%2Fv2%2Fmedia&parent=223"}],"wp:term":[{"taxonomy":"product_brand","embeddable":true,"href":"https:\/\/www.ekormuhendislik.com\/index.php?rest_route=%2Fwp%2Fv2%2Fproduct_brand&post=223"},{"taxonomy":"product_cat","embeddable":true,"href":"https:\/\/www.ekormuhendislik.com\/index.php?rest_route=%2Fwp%2Fv2%2Fproduct_cat&post=223"},{"taxonomy":"product_tag","embeddable":true,"href":"https:\/\/www.ekormuhendislik.com\/index.php?rest_route=%2Fwp%2Fv2%2Fproduct_tag&post=223"}],"curies":[{"name":"wp","href":"https:\/\/api.w.org\/{rel}","templated":true}]}}