{"id":2052,"date":"2025-10-18T13:30:04","date_gmt":"2025-10-18T13:30:04","guid":{"rendered":"http:\/\/www.ekormuhendislik.com\/?post_type=product&#038;p=2052"},"modified":"2025-10-18T13:30:15","modified_gmt":"2025-10-18T13:30:15","slug":"citroen-ds3-ceki-demiri-yatay-sokulebilir-mandalli-2010","status":"publish","type":"product","link":"https:\/\/www.ekormuhendislik.com\/?product=citroen-ds3-ceki-demiri-yatay-sokulebilir-mandalli-2010","title":{"rendered":"Citroen DS3 \u00c7eki Demiri , Yatay S\u00f6k\u00fclebilir-Mandall\u0131 (2010 &#8211;  )"},"content":{"rendered":"","protected":false},"excerpt":{"rendered":"","protected":false},"featured_media":0,"comment_status":"closed","ping_status":"closed","template":"","meta":{"_eb_attr":""},"product_brand":[],"product_cat":[945],"product_tag":[920,921,922,923,193,924,196,925,926,927,928,929,930,931,932,933,937,934],"class_list":{"0":"post-2052","1":"product","2":"type-product","3":"status-publish","5":"product_cat-ds-automobiles","6":"product_tag-13p","7":"product_tag-aktivasyon","8":"product_tag-araca","9":"product_tag-araca-ozel-elektrik-tesisati-orjinal-tesisat","10":"product_tag-ceki","11":"product_tag-ceki-demiri","12":"product_tag-demir","13":"product_tag-demiri","14":"product_tag-kodlama","15":"product_tag-orjinal-demir","16":"product_tag-orjinal-tesisat","17":"product_tag-ozel","18":"product_tag-servis","19":"product_tag-soketli","20":"product_tag-tesisat","21":"product_tag-tesisati","22":"product_tag-yetkili","23":"product_tag-yetkili-servis","25":"first","26":"instock","27":"shipping-taxable","28":"product-type-simple"},"_links":{"self":[{"href":"https:\/\/www.ekormuhendislik.com\/index.php?rest_route=\/wp\/v2\/product\/2052","targetHints":{"allow":["GET"]}}],"collection":[{"href":"https:\/\/www.ekormuhendislik.com\/index.php?rest_route=\/wp\/v2\/product"}],"about":[{"href":"https:\/\/www.ekormuhendislik.com\/index.php?rest_route=\/wp\/v2\/types\/product"}],"replies":[{"embeddable":true,"href":"https:\/\/www.ekormuhendislik.com\/index.php?rest_route=%2Fwp%2Fv2%2Fcomments&post=2052"}],"wp:attachment":[{"href":"https:\/\/www.ekormuhendislik.com\/index.php?rest_route=%2Fwp%2Fv2%2Fmedia&parent=2052"}],"wp:term":[{"taxonomy":"product_brand","embeddable":true,"href":"https:\/\/www.ekormuhendislik.com\/index.php?rest_route=%2Fwp%2Fv2%2Fproduct_brand&post=2052"},{"taxonomy":"product_cat","embeddable":true,"href":"https:\/\/www.ekormuhendislik.com\/index.php?rest_route=%2Fwp%2Fv2%2Fproduct_cat&post=2052"},{"taxonomy":"product_tag","embeddable":true,"href":"https:\/\/www.ekormuhendislik.com\/index.php?rest_route=%2Fwp%2Fv2%2Fproduct_tag&post=2052"}],"curies":[{"name":"wp","href":"https:\/\/api.w.org\/{rel}","templated":true}]}}