{"id":2001,"date":"2025-10-18T13:29:49","date_gmt":"2025-10-18T13:29:49","guid":{"rendered":"http:\/\/www.ekormuhendislik.com\/?post_type=product&#038;p=2001"},"modified":"2025-10-18T13:29:51","modified_gmt":"2025-10-18T13:29:51","slug":"audi-q5-ceki-demiri-kugu-boynu-sabit-2017","status":"publish","type":"product","link":"https:\/\/www.ekormuhendislik.com\/?product=audi-q5-ceki-demiri-kugu-boynu-sabit-2017","title":{"rendered":"Audi Q5 \u00c7eki Demiri , Ku\u011fu Boynu &#8211; Sabit (2017 &#8211;  )"},"content":{"rendered":"<p>Audi Q7 \u00c7eki Demiri , Dikey S\u00f6k\u00fclebilir-Anahtarl\u0131 (2015 &#8211;  )<\/p>\n","protected":false},"excerpt":{"rendered":"<p>\u00dcr\u00fcn Kodu : A32V<br \/>\nMarka : AutoHak<br \/>\nQ7 SUV<br \/>\nModel y\u0131l\u0131 Temmuz 2015 &#8216;den g\u00fcn\u00fcm\u00fcze kadar olan ara\u00e7lar i\u00e7in uygundur<br \/>\n.Montaj ve proje bedeli dahil de\u011fildir.Montaj ve proje i\u015flemleri i\u00e7in bilgi alabilirsiniz.<\/p>\n","protected":false},"featured_media":0,"comment_status":"closed","ping_status":"closed","template":"","meta":{"_eb_attr":""},"product_brand":[],"product_cat":[41],"product_tag":[920,921,922,923,193,924,196,925,926,927,928,929,930,931,932,933,937,934],"class_list":{"0":"post-2001","1":"product","2":"type-product","3":"status-publish","5":"product_cat-audi","6":"product_tag-13p","7":"product_tag-aktivasyon","8":"product_tag-araca","9":"product_tag-araca-ozel-elektrik-tesisati-orjinal-tesisat","10":"product_tag-ceki","11":"product_tag-ceki-demiri","12":"product_tag-demir","13":"product_tag-demiri","14":"product_tag-kodlama","15":"product_tag-orjinal-demir","16":"product_tag-orjinal-tesisat","17":"product_tag-ozel","18":"product_tag-servis","19":"product_tag-soketli","20":"product_tag-tesisat","21":"product_tag-tesisati","22":"product_tag-yetkili","23":"product_tag-yetkili-servis","25":"first","26":"instock","27":"shipping-taxable","28":"product-type-simple"},"_links":{"self":[{"href":"https:\/\/www.ekormuhendislik.com\/index.php?rest_route=\/wp\/v2\/product\/2001","targetHints":{"allow":["GET"]}}],"collection":[{"href":"https:\/\/www.ekormuhendislik.com\/index.php?rest_route=\/wp\/v2\/product"}],"about":[{"href":"https:\/\/www.ekormuhendislik.com\/index.php?rest_route=\/wp\/v2\/types\/product"}],"replies":[{"embeddable":true,"href":"https:\/\/www.ekormuhendislik.com\/index.php?rest_route=%2Fwp%2Fv2%2Fcomments&post=2001"}],"wp:attachment":[{"href":"https:\/\/www.ekormuhendislik.com\/index.php?rest_route=%2Fwp%2Fv2%2Fmedia&parent=2001"}],"wp:term":[{"taxonomy":"product_brand","embeddable":true,"href":"https:\/\/www.ekormuhendislik.com\/index.php?rest_route=%2Fwp%2Fv2%2Fproduct_brand&post=2001"},{"taxonomy":"product_cat","embeddable":true,"href":"https:\/\/www.ekormuhendislik.com\/index.php?rest_route=%2Fwp%2Fv2%2Fproduct_cat&post=2001"},{"taxonomy":"product_tag","embeddable":true,"href":"https:\/\/www.ekormuhendislik.com\/index.php?rest_route=%2Fwp%2Fv2%2Fproduct_tag&post=2001"}],"curies":[{"name":"wp","href":"https:\/\/api.w.org\/{rel}","templated":true}]}}