{"id":1955,"date":"2025-10-18T13:29:20","date_gmt":"2025-10-18T13:29:20","guid":{"rendered":"http:\/\/www.ekormuhendislik.com\/?post_type=product&#038;p=1955"},"modified":"2025-10-18T13:29:33","modified_gmt":"2025-10-18T13:29:33","slug":"cupra-formentor-ceki-demiri-e5817aa","status":"publish","type":"product","link":"https:\/\/www.ekormuhendislik.com\/?product=cupra-formentor-ceki-demiri-e5817aa","title":{"rendered":"CUPRA Formentor \u00c7eki Demiri (E5817AA)"},"content":{"rendered":"<p><strong>Par\u00e7a Numaras\u0131\u00a0 E5817AA<\/strong><\/p>\n<p><strong>\u00dcr\u00fcnle birlikte tesisat g\u00f6nderilmemektedir. A\u015fa\u011f\u0131da bulunan alandan elektrik tesisat\u0131 se\u00e7imi yap\u0131n\u0131z.<\/strong><\/p>\n<p><span style=\"color: #e74c3c;\">*\u00a0<\/span><span style=\"color: #000000;\">Arac\u0131n\u0131zla\u00a0\u00e7ekece\u011finiz r\u00f6mork veya karavan 7 pinli LED Lambal\u0131 ve birden fazla ayd\u0131nlatma bulunmuyorsa e\u011fer\u00a0<\/span><u><a href=\"https:\/\/www.agus.com.tr\/7-kutuplu-universal-elektrik-tesisati-2-metre-kablo-\">010-178<\/a><\/u>\u00a0<span style=\"color: #000000;\">kod numaral\u0131 \u00fcr\u00fcn\u00fc tercih edebilirsiniz.<\/span><\/p>\n<p>* Arac\u0131n\u0131zla \u00e7ekece\u011finiz r\u00f6mork veya karavan 13 pinli LED LAMBALI ve birden fazla ayd\u0131nlatma bulunmuyorsa e\u011fer\u00a0<u><a href=\"https:\/\/www.agus.com.tr\/13-kutuplu-universal-elektrik-tesisati-2-metre-kablo\">020-814<\/a><\/u>\u00a0kod numaral\u0131 \u00fcr\u00fcn\u00fc tercih edebilirsiniz.<\/p>\n<p>* Arac\u0131n\u0131zla \u00e7ekece\u011finiz r\u00f6mork veya karavan 7 pinli HALOGEN lambal\u0131 veya birden fazla ayd\u0131nlatma bulunuyorsa\u00a0<u><a href=\"https:\/\/www.agus.com.tr\/7-kutuplu-ceki-demiri-canbus-elektronik-tesisat-\">SMP3<\/a><\/u>\u00a0kod numaral\u0131 \u00fcr\u00fcn\u00fc tercih edebilirsiniz.<\/p>\n<p>*\u00a0Arac\u0131n\u0131zla \u00e7ekece\u011finiz r\u00f6mork veya karavan 13\u00a0pinli HALOGEN lambal\u0131 veya birden fazla ayd\u0131nlatma bulunuyorsa\u00a0<a href=\"https:\/\/www.agus.com.tr\/13-kutuplu-karavanlar-icin-ceki-demiri-canbus-elektronik-tesisat-\"><u>SMP4<\/u>\u00a0<\/a>kod numaral\u0131 \u00fcr\u00fcn\u00fc tercih edebilirsiniz.<\/p>\n<p>* Arac\u0131n\u0131z\u00a02015- modelden yukar\u0131 Avrupa men\u015feli bir ara\u00e7 ise arac\u0131n\u0131za\u00a0<a href=\"https:\/\/www.agus.com.tr\/cupra-formentor-romork-tesisati-13p\"><u>13 Pinli Araca \u00d6zel Soketli<\/u>\u00a0<\/a>tesisat tak\u0131lmas\u0131 tavsiye edilir.<\/p>\n<p>&nbsp;<\/p>\n<p><strong>Avrupa standartlar\u0131na uygun CE belgeli CUPRA Formentor\u00a0orijinal aksesuar \u00e7eki demiri.<\/strong><\/p>\n<p><strong>\u00c7ift Civatal\u0131\u00a0E\u011fik topuz modelidir.<\/strong><\/p>\n<p>Max. \u00e7ekme kapasitesi\u00a0 \u00a0 \u00a0 \u00a0: 2060 kg<\/p>\n<p>Max. d\u00fc\u015fey y\u00fck kapasitesi : 80 kg<\/p>\n<p>Montaj ve proje bedeli dahil de\u011fildir.<\/p>\n","protected":false},"excerpt":{"rendered":"<p>Par\u00e7a Numaras\u0131\u00a0 E5817AA \u00dcr\u00fcnle birlikte tesisat g\u00f6nderilmemektedir. A\u015fa\u011f\u0131da bulunan alandan elektrik tesisat\u0131 se\u00e7imi yap\u0131n\u0131z. *\u00a0Arac\u0131n\u0131zla\u00a0\u00e7ekece\u011finiz r\u00f6mork veya karavan 7 pinli LED Lambal\u0131 ve birden fazla ayd\u0131nlatma bulunmuyorsa e\u011fer\u00a0010-178\u00a0kod numaral\u0131 \u00fcr\u00fcn\u00fc tercih edebilirsiniz. * Arac\u0131n\u0131zla \u00e7ekece\u011finiz&hellip;<\/p>\n","protected":false},"featured_media":1960,"comment_status":"closed","ping_status":"closed","template":"","meta":{"_eb_attr":""},"product_brand":[],"product_cat":[938],"product_tag":[939,193,940,196,925,941,942,943,932,944],"class_list":{"0":"post-1955","1":"product","2":"type-product","3":"status-publish","4":"has-post-thumbnail","6":"product_cat-cupra","7":"product_tag-aktivasyoni","8":"product_tag-ceki","9":"product_tag-cupra","10":"product_tag-demir","11":"product_tag-demiri","12":"product_tag-formentor","13":"product_tag-montaji","14":"product_tag-orjinal","15":"product_tag-tesisat","16":"product_tag-trailer-mod","18":"first","19":"instock","20":"shipping-taxable","21":"product-type-simple"},"_links":{"self":[{"href":"https:\/\/www.ekormuhendislik.com\/index.php?rest_route=\/wp\/v2\/product\/1955","targetHints":{"allow":["GET"]}}],"collection":[{"href":"https:\/\/www.ekormuhendislik.com\/index.php?rest_route=\/wp\/v2\/product"}],"about":[{"href":"https:\/\/www.ekormuhendislik.com\/index.php?rest_route=\/wp\/v2\/types\/product"}],"replies":[{"embeddable":true,"href":"https:\/\/www.ekormuhendislik.com\/index.php?rest_route=%2Fwp%2Fv2%2Fcomments&post=1955"}],"wp:featuredmedia":[{"embeddable":true,"href":"https:\/\/www.ekormuhendislik.com\/index.php?rest_route=\/wp\/v2\/media\/1960"}],"wp:attachment":[{"href":"https:\/\/www.ekormuhendislik.com\/index.php?rest_route=%2Fwp%2Fv2%2Fmedia&parent=1955"}],"wp:term":[{"taxonomy":"product_brand","embeddable":true,"href":"https:\/\/www.ekormuhendislik.com\/index.php?rest_route=%2Fwp%2Fv2%2Fproduct_brand&post=1955"},{"taxonomy":"product_cat","embeddable":true,"href":"https:\/\/www.ekormuhendislik.com\/index.php?rest_route=%2Fwp%2Fv2%2Fproduct_cat&post=1955"},{"taxonomy":"product_tag","embeddable":true,"href":"https:\/\/www.ekormuhendislik.com\/index.php?rest_route=%2Fwp%2Fv2%2Fproduct_tag&post=1955"}],"curies":[{"name":"wp","href":"https:\/\/api.w.org\/{rel}","templated":true}]}}