{"id":1868,"date":"2025-10-18T13:28:51","date_gmt":"2025-10-18T13:28:51","guid":{"rendered":"http:\/\/www.ekormuhendislik.com\/?post_type=product&#038;p=1868"},"modified":"2025-10-18T13:28:52","modified_gmt":"2025-10-18T13:28:52","slug":"mercedes-a-serisi-w177-2018-romork-tesisati-13p","status":"publish","type":"product","link":"https:\/\/www.ekormuhendislik.com\/?product=mercedes-a-serisi-w177-2018-romork-tesisati-13p","title":{"rendered":"MERCEDES A Serisi W177 2018- R\u00f6mork Tesisat\u0131 13P"},"content":{"rendered":"<p>Par\u00e7a Numaras\u0131 :&nbsp;SET1066<\/p>\n<p>MERCEDES A Serisi W177 2018- R\u00f6mork Tesisat\u0131 13P<\/p>\n<p><strong><span style=\"color:#e74c3c;\">Montaj yap\u0131ld\u0131ktan sonra yetkili servis cihaz\u0131 ile aktivasyon yap\u0131lmas\u0131 gerekmektedir.<\/span><\/strong><\/p>\n<p>Genellikle 2015 modelden yukar\u0131 olan Avrupa men\u015feili ara\u00e7lara araca \u00f6zel soketi soketine uyumlu tesisat tak\u0131lmas\u0131 ve sonras\u0131nda yetkili servis cihaz\u0131 ile kalibrasyon (aktivasyon) yap\u0131lmas\u0131 gerekebilir.<\/p>\n<p>Par\u00e7a stok kontrol\u00fc i\u00e7in&nbsp;0 552 232 66 00 numaral\u0131&nbsp;<strong>Whatsapp&nbsp;<\/strong>destek hatt\u0131m\u0131z \u00fczerinden arac\u0131n\u0131z\u0131n \u015fase numaras\u0131n\u0131 g\u00f6ndermeniz gerekmektedir.<\/p>\n","protected":false},"excerpt":{"rendered":"<p>MERCEDES A Serisi W177 2018- R\u00f6mork Tesisat\u0131 13P<\/p>\n","protected":false},"featured_media":1866,"comment_status":"closed","ping_status":"closed","template":"","meta":{"_eb_attr":""},"product_brand":[],"product_cat":[919],"product_tag":[920,921,922,923,193,924,196,925,926,927,928,929,930,931,932,933,934],"class_list":{"0":"post-1868","1":"product","2":"type-product","3":"status-publish","4":"has-post-thumbnail","6":"product_cat-araca-ozel-elektrik-tesisati-orjinal-tesisat","7":"product_tag-13p","8":"product_tag-aktivasyon","9":"product_tag-araca","10":"product_tag-araca-ozel-elektrik-tesisati-orjinal-tesisat","11":"product_tag-ceki","12":"product_tag-ceki-demiri","13":"product_tag-demir","14":"product_tag-demiri","15":"product_tag-kodlama","16":"product_tag-orjinal-demir","17":"product_tag-orjinal-tesisat","18":"product_tag-ozel","19":"product_tag-servis","20":"product_tag-soketli","21":"product_tag-tesisat","22":"product_tag-tesisati","23":"product_tag-yetkili-servis","25":"first","26":"instock","27":"shipping-taxable","28":"product-type-simple"},"_links":{"self":[{"href":"https:\/\/www.ekormuhendislik.com\/index.php?rest_route=\/wp\/v2\/product\/1868","targetHints":{"allow":["GET"]}}],"collection":[{"href":"https:\/\/www.ekormuhendislik.com\/index.php?rest_route=\/wp\/v2\/product"}],"about":[{"href":"https:\/\/www.ekormuhendislik.com\/index.php?rest_route=\/wp\/v2\/types\/product"}],"replies":[{"embeddable":true,"href":"https:\/\/www.ekormuhendislik.com\/index.php?rest_route=%2Fwp%2Fv2%2Fcomments&post=1868"}],"wp:featuredmedia":[{"embeddable":true,"href":"https:\/\/www.ekormuhendislik.com\/index.php?rest_route=\/wp\/v2\/media\/1866"}],"wp:attachment":[{"href":"https:\/\/www.ekormuhendislik.com\/index.php?rest_route=%2Fwp%2Fv2%2Fmedia&parent=1868"}],"wp:term":[{"taxonomy":"product_brand","embeddable":true,"href":"https:\/\/www.ekormuhendislik.com\/index.php?rest_route=%2Fwp%2Fv2%2Fproduct_brand&post=1868"},{"taxonomy":"product_cat","embeddable":true,"href":"https:\/\/www.ekormuhendislik.com\/index.php?rest_route=%2Fwp%2Fv2%2Fproduct_cat&post=1868"},{"taxonomy":"product_tag","embeddable":true,"href":"https:\/\/www.ekormuhendislik.com\/index.php?rest_route=%2Fwp%2Fv2%2Fproduct_tag&post=1868"}],"curies":[{"name":"wp","href":"https:\/\/api.w.org\/{rel}","templated":true}]}}