{"id":1829,"date":"2025-10-18T13:28:31","date_gmt":"2025-10-18T13:28:31","guid":{"rendered":"http:\/\/www.ekormuhendislik.com\/?post_type=product&#038;p=1829"},"modified":"2025-10-18T13:28:43","modified_gmt":"2025-10-18T13:28:43","slug":"alugas-33-litre-valfli-dolumlu-gaz-tupu","status":"publish","type":"product","link":"https:\/\/www.ekormuhendislik.com\/?product=alugas-33-litre-valfli-dolumlu-gaz-tupu","title":{"rendered":"Alugas 33 Litre Valfli Dolumlu Gaz T\u00fcp\u00fc"},"content":{"rendered":"<p><strong>Alugas 33 Litre Valfli Dolumlu Gaz T\u00fcp\u00fc<\/strong><\/p>\n<p>Gaz dolumu yap\u0131l\u0131rken gaz seviyesi %80 doluluk oran\u0131na ula\u015ft\u0131\u011f\u0131nda g\u00fcvenlik valfi devreye girer ve gaz dolumunu otomotik olarak durdurur.<\/p>\n<p>Gaz seviye g\u00f6stergelidir.\u00a0Dedant\u00f6r\u00fc s\u00f6kmeye ihtiya\u00e7 kalmadan gaz dolumu yap\u0131lma kolayl\u0131\u011f\u0131 sa\u011flar.<\/p>\n<p>Geleneksel \u00e7elik silindirlerden %60&#8217;a kadar daha hafiftir<\/p>\n<p>%100 korozyona ve deniz suyuna dayan\u0131kl\u0131d\u0131r.<\/p>\n<p>K\u0131\u015f kamp\u0131 severler i\u00e7in; \u00f6nemli \u00f6l\u00e7\u00fcde geli\u015ftirilmi\u015f buharla\u015fma performans\u0131, valflerin so\u011fuk havalarda bile buzlanmamas\u0131n\u0131 sa\u011flar.<\/p>\n<p><strong>Dolum a\u011fz\u0131yla birlikte, kullan\u0131m haz\u0131r \u015fekilde g\u00f6nderilir.<\/strong><\/p>\n<p>Men\u015fei : Almanya<\/p>\n<p><strong>Kullan\u0131m \u00d6mr\u00fc 10 y\u0131ld\u0131r.<\/strong><\/p>\n<p>&nbsp;<\/p>\n<p><strong>TEKN\u0130K \u00d6ZELL\u0130KLER<\/strong><\/p>\n<p>Gaz :\u00a0hacmi 33,3 L<\/p>\n<p>Propan dolum a\u011f\u0131rl\u0131\u011f\u0131 14 kg<\/p>\n<p>B\u00fctan dolum a\u011f\u0131rl\u0131\u011f\u0131 16,3 kg<\/p>\n<p>Bo\u015f\u00a0a\u011f\u0131rl\u0131\u011f\u0131 7,5\u00a0kg<\/p>\n<p>\u00c7ap 300 mm<\/p>\n<p>Y\u00fckseklik 690 mm<\/p>\n<p><span style=\"font-size: medium;\"><strong>Kullan\u0131m k\u0131lavuzu i\u00e7in\u00a0<span style=\"color: #000000;\">(\u0130ngilizce)\u00a0<\/span>\u00a0<a href=\"https:\/\/drive.google.com\/file\/d\/1YHMpWngyV8Nzqcf_kWytF2i8MwYOgcQx\/view\"><span style=\"color: #000000;\">t\u0131klay\u0131n<\/span><\/a><\/strong><\/span><\/p>\n<p>(T\u00fcrk\u00e7e)\u00a0 \u00a0\u00a0<a href=\"https:\/\/drive.google.com\/file\/d\/1-6Oup80IsLTkqqtpO1v1nCoG29AJ5aXg\/view?usp=sharing\">t\u0131klay\u0131n<\/a><\/p>\n<p>&nbsp;<\/p>\n<p><iframe title=\"YouTube video player\" src=\"https:\/\/www.youtube.com\/embed\/jS_Hmi_SljU\" width=\"700\" height=\"400\" frameborder=\"0\" allowfullscreen=\"allowfullscreen\" data-mce-fragment=\"1\"><\/iframe><\/p>\n","protected":false},"excerpt":{"rendered":"<p><strong>Alugas 33 Litre Valfli Dolumlu Gaz T\u00fcp\u00fc<\/strong><\/p>\n<p>Gaz dolumu yap\u0131l\u0131rken gaz seviyesi %80 doluluk oran\u0131na ula\u015ft\u0131\u011f\u0131nda g\u00fcvenlik valfi devreye girer ve gaz dolumunu otomotik olarak durdurur.<\/p>\n<p>Gaz seviye g\u00f6stergelidir.\u00a0Dedant\u00f6r\u00fc s\u00f6kmeye ihtiya\u00e7 kalmadan gaz dolumu yap\u0131lma kolayl\u0131\u011f\u0131 sa\u011flar.<\/p>\n<p>Geleneksel \u00e7elik silindirlerden %60&#8217;a kadar daha hafiftir<\/p>\n<p>%100 korozyona ve deniz suyuna dayan\u0131kl\u0131d\u0131r.<\/p>\n<p>K\u0131\u015f kamp\u0131 severler i\u00e7in; \u00f6nemli \u00f6l\u00e7\u00fcde geli\u015ftirilmi\u015f buharla\u015fma performans\u0131, valflerin so\u011fuk havalarda bile buzlanmamas\u0131n\u0131 sa\u011flar.<\/p>\n<p><strong>Dolum a\u011fz\u0131yla birlikte, kullan\u0131m haz\u0131r \u015fekilde g\u00f6nderilir.<\/strong><\/p>\n<p>Men\u015fei : Almanya<\/p>\n<p><strong>Kullan\u0131m \u00d6mr\u00fc 10 y\u0131ld\u0131r.<\/strong><\/p>\n<p>&nbsp;<\/p>\n<p><strong>TEKN\u0130K \u00d6ZELL\u0130KLER<\/strong><\/p>\n<p>Gaz :\u00a0hacmi 33,3 L<\/p>\n<p>Propan dolum a\u011f\u0131rl\u0131\u011f\u0131 14 kg<\/p>\n<p>B\u00fctan dolum a\u011f\u0131rl\u0131\u011f\u0131 16,3 kg<\/p>\n<p>Bo\u015f\u00a0a\u011f\u0131rl\u0131\u011f\u0131 7,5\u00a0kg<\/p>\n<p>\u00c7ap 300 mm<\/p>\n<p>Y\u00fckseklik 690 mm<\/p>\n<p><span style=\"font-size: medium;\"><strong>Kullan\u0131m k\u0131lavuzu i\u00e7in\u00a0<span style=\"color: #000000;\">(\u0130ngilizce)\u00a0<\/span>\u00a0<a href=\"https:\/\/drive.google.com\/file\/d\/1YHMpWngyV8Nzqcf_kWytF2i8MwYOgcQx\/view\"><span style=\"color: #000000;\">t\u0131klay\u0131n<\/span><\/a><\/strong><\/span><\/p>\n<p>(T\u00fcrk\u00e7e)\u00a0 \u00a0\u00a0<a href=\"https:\/\/drive.google.com\/file\/d\/1-6Oup80IsLTkqqtpO1v1nCoG29AJ5aXg\/view?usp=sharing\">t\u0131klay\u0131n<\/a><\/p>\n","protected":false},"featured_media":1865,"comment_status":"closed","ping_status":"closed","template":"","meta":{"_eb_attr":""},"product_brand":[],"product_cat":[911],"product_tag":[913,916,915,917,918],"class_list":{"0":"post-1829","1":"product","2":"type-product","3":"status-publish","4":"has-post-thumbnail","6":"product_cat-karavan-lpg-sistemleri","7":"product_tag-doldurulabilir-lpg-tanki","8":"product_tag-karavan","9":"product_tag-karavan-lpg","10":"product_tag-karavan-lpg-tanki","11":"product_tag-lpg-tanki","13":"first","14":"instock","15":"shipping-taxable","16":"product-type-simple"},"_links":{"self":[{"href":"https:\/\/www.ekormuhendislik.com\/index.php?rest_route=\/wp\/v2\/product\/1829","targetHints":{"allow":["GET"]}}],"collection":[{"href":"https:\/\/www.ekormuhendislik.com\/index.php?rest_route=\/wp\/v2\/product"}],"about":[{"href":"https:\/\/www.ekormuhendislik.com\/index.php?rest_route=\/wp\/v2\/types\/product"}],"replies":[{"embeddable":true,"href":"https:\/\/www.ekormuhendislik.com\/index.php?rest_route=%2Fwp%2Fv2%2Fcomments&post=1829"}],"wp:featuredmedia":[{"embeddable":true,"href":"https:\/\/www.ekormuhendislik.com\/index.php?rest_route=\/wp\/v2\/media\/1865"}],"wp:attachment":[{"href":"https:\/\/www.ekormuhendislik.com\/index.php?rest_route=%2Fwp%2Fv2%2Fmedia&parent=1829"}],"wp:term":[{"taxonomy":"product_brand","embeddable":true,"href":"https:\/\/www.ekormuhendislik.com\/index.php?rest_route=%2Fwp%2Fv2%2Fproduct_brand&post=1829"},{"taxonomy":"product_cat","embeddable":true,"href":"https:\/\/www.ekormuhendislik.com\/index.php?rest_route=%2Fwp%2Fv2%2Fproduct_cat&post=1829"},{"taxonomy":"product_tag","embeddable":true,"href":"https:\/\/www.ekormuhendislik.com\/index.php?rest_route=%2Fwp%2Fv2%2Fproduct_tag&post=1829"}],"curies":[{"name":"wp","href":"https:\/\/api.w.org\/{rel}","templated":true}]}}