{"id":1534,"date":"2025-10-18T13:26:31","date_gmt":"2025-10-18T13:26:31","guid":{"rendered":"http:\/\/www.ekormuhendislik.com\/?post_type=product&#038;p=1534"},"modified":"2025-10-18T13:26:39","modified_gmt":"2025-10-18T13:26:39","slug":"tata-xenon-ceki-demiri-pick-up-kamyonet","status":"publish","type":"product","link":"https:\/\/www.ekormuhendislik.com\/?product=tata-xenon-ceki-demiri-pick-up-kamyonet","title":{"rendered":"TATA Xenon \u00c7eki Demiri Pick-Up, Kamyonet"},"content":{"rendered":"<p><strong>Par\u00e7a Numaras\u0131&nbsp; :&nbsp;E6303AC<\/strong><\/p>\n<p><strong>Avrupa standartlar\u0131nauygun CE belgeli TATA Xenon&nbsp;Pick-Up, Kamyonet orj\u0131nal aksesuar \u00e7eki demiri.&nbsp;<\/strong><\/p>\n<p><strong><\/p>\n<p>\u00c7ift civatal\u0131 &#8220;Flan\u015fl\u0131 Tip&#8221;&nbsp;topuz modelidir.<\/p>\n<p>Fiyata universal elektrik tesisat dahildir.<\/p>\n<p>Max. \u00c7ekme kapasitesi&nbsp; &nbsp; &nbsp; &nbsp;: 2000&nbsp;KG<\/p>\n<p>Max. D\u00fc\u015fey Y\u00fck kapasitesi : 100&nbsp;KG<\/p>\n<p><\/strong><strong><\/p>\n<p>Montaj ve proje bedeli dahil de\u011fildir.&nbsp;<\/p>\n<p><\/strong><\/p>\n","protected":false},"excerpt":{"rendered":"<p>TATA Xenon<\/p>\n","protected":false},"featured_media":244,"comment_status":"open","ping_status":"closed","template":"","meta":{"_eb_attr":""},"product_brand":[],"product_cat":[750],"product_tag":[459,752],"class_list":{"0":"post-1534","1":"product","2":"type-product","3":"status-publish","4":"has-post-thumbnail","6":"product_cat-tata","7":"product_tag-kamyonet","8":"product_tag-tata-xenon-ceki-demiri-pick-up","10":"first","11":"instock","12":"shipping-taxable","13":"product-type-simple"},"_links":{"self":[{"href":"https:\/\/www.ekormuhendislik.com\/index.php?rest_route=\/wp\/v2\/product\/1534","targetHints":{"allow":["GET"]}}],"collection":[{"href":"https:\/\/www.ekormuhendislik.com\/index.php?rest_route=\/wp\/v2\/product"}],"about":[{"href":"https:\/\/www.ekormuhendislik.com\/index.php?rest_route=\/wp\/v2\/types\/product"}],"replies":[{"embeddable":true,"href":"https:\/\/www.ekormuhendislik.com\/index.php?rest_route=%2Fwp%2Fv2%2Fcomments&post=1534"}],"wp:featuredmedia":[{"embeddable":true,"href":"https:\/\/www.ekormuhendislik.com\/index.php?rest_route=\/wp\/v2\/media\/244"}],"wp:attachment":[{"href":"https:\/\/www.ekormuhendislik.com\/index.php?rest_route=%2Fwp%2Fv2%2Fmedia&parent=1534"}],"wp:term":[{"taxonomy":"product_brand","embeddable":true,"href":"https:\/\/www.ekormuhendislik.com\/index.php?rest_route=%2Fwp%2Fv2%2Fproduct_brand&post=1534"},{"taxonomy":"product_cat","embeddable":true,"href":"https:\/\/www.ekormuhendislik.com\/index.php?rest_route=%2Fwp%2Fv2%2Fproduct_cat&post=1534"},{"taxonomy":"product_tag","embeddable":true,"href":"https:\/\/www.ekormuhendislik.com\/index.php?rest_route=%2Fwp%2Fv2%2Fproduct_tag&post=1534"}],"curies":[{"name":"wp","href":"https:\/\/api.w.org\/{rel}","templated":true}]}}