{"id":1353,"date":"2025-10-18T13:25:24","date_gmt":"2025-10-18T13:25:24","guid":{"rendered":"http:\/\/www.ekormuhendislik.com\/?post_type=product&#038;p=1353"},"modified":"2025-10-18T13:25:35","modified_gmt":"2025-10-18T13:25:35","slug":"renault-master-ceki-demiri-2010-panelvanminibusarkadan-itis-cift-teker","status":"publish","type":"product","link":"https:\/\/www.ekormuhendislik.com\/?product=renault-master-ceki-demiri-2010-panelvanminibusarkadan-itis-cift-teker","title":{"rendered":"RENAULT Master \u00c7eki Demiri 2010- Panelvan,Minib\u00fcs,Arkadan \u0130ti\u015f \u00c7ift Teker"},"content":{"rendered":"<p><strong>Par\u00e7a Numaras\u0131&nbsp; : 1834<\/strong><\/p>\n<p><strong>Avrupa standartlar\u0131nauygun CE belgeli RENAULT Master&nbsp;2010- Panelvan,Minib\u00fcs,Arkadan \u0130ti\u015f \u00c7ift Teker&nbsp;orj\u0131nal aksesuar \u00e7eki demiri.&nbsp;<\/strong><\/p>\n<p><strong><\/p>\n<p>\u00c7ift civatal\u0131 &#8220;Flan\u015fl\u0131 Tip&#8221;&nbsp;topuz modelidir.<\/p>\n<p>Fiyata universal elektrik tesisat dahildir.<\/p>\n<p>Max. \u00c7ekme kapasitesi&nbsp; &nbsp; &nbsp; &nbsp;: 3500&nbsp;KG<\/p>\n<p>Max. D\u00fc\u015fey Y\u00fck kapasitesi : 150&nbsp;KG<\/p>\n<p><\/strong><strong><\/p>\n<p>Montaj ve proje bedeli dahil de\u011fildir.&nbsp;<\/p>\n<p><\/strong><\/p>\n","protected":false},"excerpt":{"rendered":"<p>RENAULT Master<\/p>\n","protected":false},"featured_media":244,"comment_status":"open","ping_status":"closed","template":"","meta":{"_eb_attr":""},"product_brand":[],"product_cat":[211],"product_tag":[650,212,648],"class_list":{"0":"post-1353","1":"product","2":"type-product","3":"status-publish","4":"has-post-thumbnail","6":"product_cat-renault","7":"product_tag-arkadan-itis-cift-teker","8":"product_tag-minibus","9":"product_tag-renault-master-ceki-demiri-2010-panelvan","11":"first","12":"instock","13":"shipping-taxable","14":"product-type-simple"},"_links":{"self":[{"href":"https:\/\/www.ekormuhendislik.com\/index.php?rest_route=\/wp\/v2\/product\/1353","targetHints":{"allow":["GET"]}}],"collection":[{"href":"https:\/\/www.ekormuhendislik.com\/index.php?rest_route=\/wp\/v2\/product"}],"about":[{"href":"https:\/\/www.ekormuhendislik.com\/index.php?rest_route=\/wp\/v2\/types\/product"}],"replies":[{"embeddable":true,"href":"https:\/\/www.ekormuhendislik.com\/index.php?rest_route=%2Fwp%2Fv2%2Fcomments&post=1353"}],"wp:featuredmedia":[{"embeddable":true,"href":"https:\/\/www.ekormuhendislik.com\/index.php?rest_route=\/wp\/v2\/media\/244"}],"wp:attachment":[{"href":"https:\/\/www.ekormuhendislik.com\/index.php?rest_route=%2Fwp%2Fv2%2Fmedia&parent=1353"}],"wp:term":[{"taxonomy":"product_brand","embeddable":true,"href":"https:\/\/www.ekormuhendislik.com\/index.php?rest_route=%2Fwp%2Fv2%2Fproduct_brand&post=1353"},{"taxonomy":"product_cat","embeddable":true,"href":"https:\/\/www.ekormuhendislik.com\/index.php?rest_route=%2Fwp%2Fv2%2Fproduct_cat&post=1353"},{"taxonomy":"product_tag","embeddable":true,"href":"https:\/\/www.ekormuhendislik.com\/index.php?rest_route=%2Fwp%2Fv2%2Fproduct_tag&post=1353"}],"curies":[{"name":"wp","href":"https:\/\/api.w.org\/{rel}","templated":true}]}}