{"id":1344,"date":"2025-10-18T13:25:24","date_gmt":"2025-10-18T13:25:24","guid":{"rendered":"http:\/\/www.ekormuhendislik.com\/?post_type=product&#038;p=1344"},"modified":"2025-10-18T13:25:30","modified_gmt":"2025-10-18T13:25:30","slug":"renault-kangoo-ii-ceki-demiri-2008-2021","status":"publish","type":"product","link":"https:\/\/www.ekormuhendislik.com\/?product=renault-kangoo-ii-ceki-demiri-2008-2021","title":{"rendered":"RENAULT Kangoo II \u00c7eki Demiri 2008-2021"},"content":{"rendered":"<p><strong>Par\u00e7a Numaras\u0131\u00a0 : R-073<\/strong><\/p>\n<p><strong>Avrupa standartlar\u0131nauygun CE belgeli RENAULT Kangoo II\u00a02008-2021\u00a0orj\u0131nal aksesuar \u00e7eki demiri.\u00a0<\/strong><\/p>\n<p>&nbsp;<\/p>\n<p>\u00c7ift civatal\u0131 &#8220;L tipi&#8221; e\u011fik topuz modelidir.<\/p>\n<p>Fiyata universal elektrik tesisat dahildir.<\/p>\n<p>Max. \u00c7ekme kapasitesi\u00a0 \u00a0 \u00a0 \u00a0: 1350\u00a0KG<\/p>\n<p>Max. D\u00fc\u015fey Y\u00fck kapasitesi : 75\u00a0KG<\/p>\n<p>&nbsp;<\/p>\n<p>Montaj ve proje bedeli dahil de\u011fildir.<\/p>\n<p>&nbsp;<\/p>\n","protected":false},"excerpt":{"rendered":"<p>RENAULT Kangoo<\/p>\n","protected":false},"featured_media":244,"comment_status":"open","ping_status":"closed","template":"","meta":{"_eb_attr":""},"product_brand":[],"product_cat":[211],"product_tag":[639],"class_list":{"0":"post-1344","1":"product","2":"type-product","3":"status-publish","4":"has-post-thumbnail","6":"product_cat-renault","7":"product_tag-renault-kangoo-ii-ceki-demiri-2008-2021","9":"first","10":"instock","11":"shipping-taxable","12":"product-type-simple"},"_links":{"self":[{"href":"https:\/\/www.ekormuhendislik.com\/index.php?rest_route=\/wp\/v2\/product\/1344","targetHints":{"allow":["GET"]}}],"collection":[{"href":"https:\/\/www.ekormuhendislik.com\/index.php?rest_route=\/wp\/v2\/product"}],"about":[{"href":"https:\/\/www.ekormuhendislik.com\/index.php?rest_route=\/wp\/v2\/types\/product"}],"replies":[{"embeddable":true,"href":"https:\/\/www.ekormuhendislik.com\/index.php?rest_route=%2Fwp%2Fv2%2Fcomments&post=1344"}],"wp:featuredmedia":[{"embeddable":true,"href":"https:\/\/www.ekormuhendislik.com\/index.php?rest_route=\/wp\/v2\/media\/244"}],"wp:attachment":[{"href":"https:\/\/www.ekormuhendislik.com\/index.php?rest_route=%2Fwp%2Fv2%2Fmedia&parent=1344"}],"wp:term":[{"taxonomy":"product_brand","embeddable":true,"href":"https:\/\/www.ekormuhendislik.com\/index.php?rest_route=%2Fwp%2Fv2%2Fproduct_brand&post=1344"},{"taxonomy":"product_cat","embeddable":true,"href":"https:\/\/www.ekormuhendislik.com\/index.php?rest_route=%2Fwp%2Fv2%2Fproduct_cat&post=1344"},{"taxonomy":"product_tag","embeddable":true,"href":"https:\/\/www.ekormuhendislik.com\/index.php?rest_route=%2Fwp%2Fv2%2Fproduct_tag&post=1344"}],"curies":[{"name":"wp","href":"https:\/\/api.w.org\/{rel}","templated":true}]}}