{"id":1092,"date":"2025-10-18T13:23:29","date_gmt":"2025-10-18T13:23:29","guid":{"rendered":"http:\/\/www.ekormuhendislik.com\/?post_type=product&#038;p=1092"},"modified":"2025-10-18T13:23:39","modified_gmt":"2025-10-18T13:23:39","slug":"mitsubishi-pajero-ceki-demiri-v6-v7-2001-2007-5k","status":"publish","type":"product","link":"https:\/\/www.ekormuhendislik.com\/?product=mitsubishi-pajero-ceki-demiri-v6-v7-2001-2007-5k","title":{"rendered":"MITSUBISHI Pajero \u00c7eki Demiri V6\/V7 2001-2007 5K"},"content":{"rendered":"<p><strong>Par\u00e7a Numaras\u0131&nbsp; : 042-972<\/strong><\/p>\n<p><strong>Avrupa standartlar\u0131nauygun CE belgeli&nbsp;MITSUBISHI Pajero (V6\/ V7) 2001-2007 5 Kap\u0131&nbsp;orj\u0131nal aksesuar \u00e7eki demiri.&nbsp;<\/strong><\/p>\n<p><strong><\/p>\n<p>\u00c7ift civatal\u0131 &#8220;Flan\u015fl\u0131 Tip&#8221;&nbsp;topuz modelidir.<\/p>\n<p>Fiyata universal elektrik tesisat dahildir.<\/p>\n<p>Max. \u00c7ekme kapasitesi&nbsp; &nbsp; &nbsp; &nbsp;: 3500&nbsp;KG<\/p>\n<p>Max. D\u00fc\u015fey Y\u00fck kapasitesi : 135&nbsp;KG<\/p>\n<p><\/strong><strong><\/p>\n<p>Montaj ve proje bedeli dahil de\u011fildir.&nbsp;<\/p>\n<p><\/strong><\/p>\n","protected":false},"excerpt":{"rendered":"<p>MITSUBISHI Pajero<\/p>\n","protected":false},"featured_media":244,"comment_status":"open","ping_status":"closed","template":"","meta":{"_eb_attr":""},"product_brand":[],"product_cat":[501],"product_tag":[514],"class_list":{"0":"post-1092","1":"product","2":"type-product","3":"status-publish","4":"has-post-thumbnail","6":"product_cat-mitsubishi","7":"product_tag-mitsubishi-pajero-ceki-demiri-v6-v7-2001-2007-5k","9":"first","10":"instock","11":"shipping-taxable","12":"product-type-simple"},"_links":{"self":[{"href":"https:\/\/www.ekormuhendislik.com\/index.php?rest_route=\/wp\/v2\/product\/1092","targetHints":{"allow":["GET"]}}],"collection":[{"href":"https:\/\/www.ekormuhendislik.com\/index.php?rest_route=\/wp\/v2\/product"}],"about":[{"href":"https:\/\/www.ekormuhendislik.com\/index.php?rest_route=\/wp\/v2\/types\/product"}],"replies":[{"embeddable":true,"href":"https:\/\/www.ekormuhendislik.com\/index.php?rest_route=%2Fwp%2Fv2%2Fcomments&post=1092"}],"wp:featuredmedia":[{"embeddable":true,"href":"https:\/\/www.ekormuhendislik.com\/index.php?rest_route=\/wp\/v2\/media\/244"}],"wp:attachment":[{"href":"https:\/\/www.ekormuhendislik.com\/index.php?rest_route=%2Fwp%2Fv2%2Fmedia&parent=1092"}],"wp:term":[{"taxonomy":"product_brand","embeddable":true,"href":"https:\/\/www.ekormuhendislik.com\/index.php?rest_route=%2Fwp%2Fv2%2Fproduct_brand&post=1092"},{"taxonomy":"product_cat","embeddable":true,"href":"https:\/\/www.ekormuhendislik.com\/index.php?rest_route=%2Fwp%2Fv2%2Fproduct_cat&post=1092"},{"taxonomy":"product_tag","embeddable":true,"href":"https:\/\/www.ekormuhendislik.com\/index.php?rest_route=%2Fwp%2Fv2%2Fproduct_tag&post=1092"}],"curies":[{"name":"wp","href":"https:\/\/api.w.org\/{rel}","templated":true}]}}