{"id":1087,"date":"2025-10-18T13:23:29","date_gmt":"2025-10-18T13:23:29","guid":{"rendered":"http:\/\/www.ekormuhendislik.com\/?post_type=product&#038;p=1087"},"modified":"2025-10-18T13:23:36","modified_gmt":"2025-10-18T13:23:36","slug":"mitsubishi-lancer-sokulebilir-ceki-demiri-2008-2017-sedanhatchback","status":"publish","type":"product","link":"https:\/\/www.ekormuhendislik.com\/?product=mitsubishi-lancer-sokulebilir-ceki-demiri-2008-2017-sedanhatchback","title":{"rendered":"MITSUBISHI Lancer S\u00f6k\u00fclebilir \u00c7eki Demiri 2008-2017 Sedan,Hatchback"},"content":{"rendered":"<p><strong>Par\u00e7a Numaras\u0131\u00a0 : M-343<\/strong><\/p>\n<p><strong>Avrupa standartlar\u0131nauygun CE belgeli MITSUBISHI Lancer 2008-2017 Sedan,Hatchback\u00a0\u00a0orj\u0131nal aksesuar \u00e7eki demiri.\u00a0<\/strong><\/p>\n<p>&nbsp;<\/p>\n<p>S\u00f6k\u00fclebilir\u00a0&#8220;AK41&#8221; e\u011fik topuz modelidir.<\/p>\n<p>Fiyata universal elektrik tesisat dahildir.<\/p>\n<p>Max. \u00c7ekme kapasitesi\u00a0 \u00a0 \u00a0 \u00a0: 1400\u00a0kg<\/p>\n<p>Max. D\u00fc\u015fey Y\u00fck kapasitesi : 75\u00a0kg<\/p>\n<p>&nbsp;<\/p>\n<p>Montaj ve proje bedeli dahil de\u011fildir<\/p>\n<p>&nbsp;<\/p>\n","protected":false},"excerpt":{"rendered":"<p>MITSUBISHI Lancer<\/p>\n","protected":false},"featured_media":308,"comment_status":"open","ping_status":"closed","template":"","meta":{"_eb_attr":""},"product_brand":[],"product_cat":[501],"product_tag":[383,509],"class_list":{"0":"post-1087","1":"product","2":"type-product","3":"status-publish","4":"has-post-thumbnail","6":"product_cat-mitsubishi","7":"product_tag-hatchback","8":"product_tag-mitsubishi-lancer-sokulebilir-ceki-demiri-2008-2017-sedan","10":"first","11":"instock","12":"shipping-taxable","13":"product-type-simple"},"_links":{"self":[{"href":"https:\/\/www.ekormuhendislik.com\/index.php?rest_route=\/wp\/v2\/product\/1087","targetHints":{"allow":["GET"]}}],"collection":[{"href":"https:\/\/www.ekormuhendislik.com\/index.php?rest_route=\/wp\/v2\/product"}],"about":[{"href":"https:\/\/www.ekormuhendislik.com\/index.php?rest_route=\/wp\/v2\/types\/product"}],"replies":[{"embeddable":true,"href":"https:\/\/www.ekormuhendislik.com\/index.php?rest_route=%2Fwp%2Fv2%2Fcomments&post=1087"}],"wp:featuredmedia":[{"embeddable":true,"href":"https:\/\/www.ekormuhendislik.com\/index.php?rest_route=\/wp\/v2\/media\/308"}],"wp:attachment":[{"href":"https:\/\/www.ekormuhendislik.com\/index.php?rest_route=%2Fwp%2Fv2%2Fmedia&parent=1087"}],"wp:term":[{"taxonomy":"product_brand","embeddable":true,"href":"https:\/\/www.ekormuhendislik.com\/index.php?rest_route=%2Fwp%2Fv2%2Fproduct_brand&post=1087"},{"taxonomy":"product_cat","embeddable":true,"href":"https:\/\/www.ekormuhendislik.com\/index.php?rest_route=%2Fwp%2Fv2%2Fproduct_cat&post=1087"},{"taxonomy":"product_tag","embeddable":true,"href":"https:\/\/www.ekormuhendislik.com\/index.php?rest_route=%2Fwp%2Fv2%2Fproduct_tag&post=1087"}],"curies":[{"name":"wp","href":"https:\/\/api.w.org\/{rel}","templated":true}]}}