{"id":1085,"date":"2025-10-18T13:23:29","date_gmt":"2025-10-18T13:23:29","guid":{"rendered":"http:\/\/www.ekormuhendislik.com\/?post_type=product&#038;p=1085"},"modified":"2025-10-18T13:23:35","modified_gmt":"2025-10-18T13:23:35","slug":"mitsubishi-l200-ceki-demiri-2006-2021-pick-up-kamyonet","status":"publish","type":"product","link":"https:\/\/www.ekormuhendislik.com\/?product=mitsubishi-l200-ceki-demiri-2006-2021-pick-up-kamyonet","title":{"rendered":"MITSUBISHI L200 \u00c7eki Demiri 2006-2021 Pick-Up, Kamyonet"},"content":{"rendered":"<p><strong>Par\u00e7a Numaras\u0131\u00a0 : 2404<\/strong><\/p>\n<p><strong>Avrupa standartlar\u0131nauygun CE belgeli MITSUBISHI L200 2006-2021 Pick-Up, Kamyonet\u00a0orj\u0131nal aksesuar \u00e7eki demiri.\u00a0<\/strong><\/p>\n<p>&nbsp;<\/p>\n<p>\u00c7ift civatal\u0131 &#8220;Flan\u015fl\u0131 Tip&#8221;\u00a0topuz modelidir.<\/p>\n<p>Fiyata universal elektrik tesisat dahildir.<\/p>\n<p>Max. \u00c7ekme kapasitesi\u00a0 \u00a0 \u00a0 \u00a0: 3500\u00a0KG<\/p>\n<p>Max. D\u00fc\u015fey Y\u00fck kapasitesi : 160\u00a0KG<\/p>\n<p>&nbsp;<\/p>\n<p>Montaj ve proje bedeli dahil de\u011fildir.<\/p>\n<p>&nbsp;<\/p>\n","protected":false},"excerpt":{"rendered":"<p>MITSUBISHI L200<\/p>\n","protected":false},"featured_media":244,"comment_status":"open","ping_status":"closed","template":"","meta":{"_eb_attr":""},"product_brand":[],"product_cat":[501],"product_tag":[459,507],"class_list":{"0":"post-1085","1":"product","2":"type-product","3":"status-publish","4":"has-post-thumbnail","6":"product_cat-mitsubishi","7":"product_tag-kamyonet","8":"product_tag-mitsubishi-l200-ceki-demiri-2006-2021-pick-up","10":"first","11":"instock","12":"shipping-taxable","13":"product-type-simple"},"_links":{"self":[{"href":"https:\/\/www.ekormuhendislik.com\/index.php?rest_route=\/wp\/v2\/product\/1085","targetHints":{"allow":["GET"]}}],"collection":[{"href":"https:\/\/www.ekormuhendislik.com\/index.php?rest_route=\/wp\/v2\/product"}],"about":[{"href":"https:\/\/www.ekormuhendislik.com\/index.php?rest_route=\/wp\/v2\/types\/product"}],"replies":[{"embeddable":true,"href":"https:\/\/www.ekormuhendislik.com\/index.php?rest_route=%2Fwp%2Fv2%2Fcomments&post=1085"}],"wp:featuredmedia":[{"embeddable":true,"href":"https:\/\/www.ekormuhendislik.com\/index.php?rest_route=\/wp\/v2\/media\/244"}],"wp:attachment":[{"href":"https:\/\/www.ekormuhendislik.com\/index.php?rest_route=%2Fwp%2Fv2%2Fmedia&parent=1085"}],"wp:term":[{"taxonomy":"product_brand","embeddable":true,"href":"https:\/\/www.ekormuhendislik.com\/index.php?rest_route=%2Fwp%2Fv2%2Fproduct_brand&post=1085"},{"taxonomy":"product_cat","embeddable":true,"href":"https:\/\/www.ekormuhendislik.com\/index.php?rest_route=%2Fwp%2Fv2%2Fproduct_cat&post=1085"},{"taxonomy":"product_tag","embeddable":true,"href":"https:\/\/www.ekormuhendislik.com\/index.php?rest_route=%2Fwp%2Fv2%2Fproduct_tag&post=1085"}],"curies":[{"name":"wp","href":"https:\/\/api.w.org\/{rel}","templated":true}]}}