{"id":1026,"date":"2025-10-18T13:23:07","date_gmt":"2025-10-18T13:23:07","guid":{"rendered":"http:\/\/www.ekormuhendislik.com\/?post_type=product&#038;p=1026"},"modified":"2025-10-18T13:23:12","modified_gmt":"2025-10-18T13:23:12","slug":"mercedes-gle-ceki-demiri-w166-c292-2015-2019-suv-coupe","status":"publish","type":"product","link":"https:\/\/www.ekormuhendislik.com\/?product=mercedes-gle-ceki-demiri-w166-c292-2015-2019-suv-coupe","title":{"rendered":"MERCEDES GLE \u00c7eki Demiri W166-C292 2015-2019 Suv, Coupe"},"content":{"rendered":"<p><strong>Par\u00e7a Numaras\u0131&nbsp; :&nbsp;E4117CA<\/strong><\/p>\n<p><strong>Avrupa standartlar\u0131na uygun CE belgeli&nbsp;MERCEDES GLE-Serisi&nbsp;W166-C292 2015-2019 Suv, Coupe<\/strong><strong>&nbsp;orjinal aksesuar \u00e7eki demiri.<\/strong><\/p>\n<p><strong><\/p>\n<p>\u00c7ift civatal\u0131 &#8220;L tipi&#8221; e\u011fik topuz modelidir.<\/p>\n<p>Fiyata universal elektrik tesisat\u0131 dahildir.<\/p>\n<p>Max. \u00e7ekme kapasitesi&nbsp; &nbsp; &nbsp; &nbsp;: 3500&nbsp;kg<\/p>\n<p>Max. d\u00fc\u015fey y\u00fck kapasitesi : 140&nbsp;kg<\/p>\n<p><\/strong><strong><\/p>\n<p>Montaj ve proje bedeli dahil de\u011fildir.<\/p>\n<p><\/strong><\/p>\n","protected":false},"excerpt":{"rendered":"<p>MERCEDES GLE<\/p>\n","protected":false},"featured_media":244,"comment_status":"open","ping_status":"closed","template":"","meta":{"_eb_attr":""},"product_brand":[],"product_cat":[446],"product_tag":[72,474],"class_list":{"0":"post-1026","1":"product","2":"type-product","3":"status-publish","4":"has-post-thumbnail","6":"product_cat-mercedes-benz","7":"product_tag-coupe","8":"product_tag-mercedes-gle-ceki-demiri-w166-c292-2015-2019-suv","10":"first","11":"instock","12":"shipping-taxable","13":"product-type-simple"},"_links":{"self":[{"href":"https:\/\/www.ekormuhendislik.com\/index.php?rest_route=\/wp\/v2\/product\/1026","targetHints":{"allow":["GET"]}}],"collection":[{"href":"https:\/\/www.ekormuhendislik.com\/index.php?rest_route=\/wp\/v2\/product"}],"about":[{"href":"https:\/\/www.ekormuhendislik.com\/index.php?rest_route=\/wp\/v2\/types\/product"}],"replies":[{"embeddable":true,"href":"https:\/\/www.ekormuhendislik.com\/index.php?rest_route=%2Fwp%2Fv2%2Fcomments&post=1026"}],"wp:featuredmedia":[{"embeddable":true,"href":"https:\/\/www.ekormuhendislik.com\/index.php?rest_route=\/wp\/v2\/media\/244"}],"wp:attachment":[{"href":"https:\/\/www.ekormuhendislik.com\/index.php?rest_route=%2Fwp%2Fv2%2Fmedia&parent=1026"}],"wp:term":[{"taxonomy":"product_brand","embeddable":true,"href":"https:\/\/www.ekormuhendislik.com\/index.php?rest_route=%2Fwp%2Fv2%2Fproduct_brand&post=1026"},{"taxonomy":"product_cat","embeddable":true,"href":"https:\/\/www.ekormuhendislik.com\/index.php?rest_route=%2Fwp%2Fv2%2Fproduct_cat&post=1026"},{"taxonomy":"product_tag","embeddable":true,"href":"https:\/\/www.ekormuhendislik.com\/index.php?rest_route=%2Fwp%2Fv2%2Fproduct_tag&post=1026"}],"curies":[{"name":"wp","href":"https:\/\/api.w.org\/{rel}","templated":true}]}}